{"id":2867,"date":"2025-01-27T12:26:38","date_gmt":"2025-01-27T11:26:38","guid":{"rendered":"https:\/\/get-your-app.com\/community-nonprofit\/?page_id=2867"},"modified":"2025-03-04T09:20:55","modified_gmt":"2025-03-04T08:20:55","slug":"podcast","status":"publish","type":"page","link":"https:\/\/get-your-app.com\/community-nonprofit\/aktuelles\/podcast\/","title":{"rendered":"Podcast"},"content":{"rendered":"<p>[et_pb_section fb_built=&#8220;1&#8243; custom_padding_last_edited=&#8220;on|tablet&#8220; admin_label=&#8220;Call to action buttons&#8220; module_id=&#8220;section-buttons-mitgliedwerden-fachpersonensuche&#8220; _builder_version=&#8220;4.26.1&#8243; _module_preset=&#8220;default&#8220; custom_margin=&#8220;||||false|false&#8220; custom_margin_tablet=&#8220;||||false|false&#8220; custom_margin_phone=&#8220;||||false|false&#8220; custom_margin_last_edited=&#8220;on|phone&#8220; custom_padding=&#8220;0px||0px||false|false&#8220; custom_padding_tablet=&#8220;0px||0px||false|false&#8220; custom_padding_phone=&#8220;0px||0px||false|false&#8220; global_module=&#8220;1057&#8243; locked=&#8220;off&#8220; global_colors_info=&#8220;{}&#8220;][et_pb_row column_structure=&#8220;1_2,1_2&#8243; use_custom_gutter=&#8220;on&#8220; gutter_width=&#8220;1&#8243; make_equal=&#8220;on&#8220; admin_label=&#8220;2 call to action buttons&#8220; module_id=&#8220;btn-become-member-specialist-search&#8220; _builder_version=&#8220;4.26.1&#8243; _module_preset=&#8220;default&#8220; width=&#8220;auto&#8220; max_width=&#8220;none&#8220; min_height=&#8220;15vh&#8220; min_height_tablet=&#8220;30vh&#8220; min_height_phone=&#8220;20vh&#8220; min_height_last_edited=&#8220;on|tablet&#8220; height=&#8220;15vh&#8220; height_tablet=&#8220;30vh&#8220; height_phone=&#8220;20vh&#8220; height_last_edited=&#8220;on|desktop&#8220; max_height=&#8220;15vh&#8220; max_height_tablet=&#8220;30vh&#8220; max_height_phone=&#8220;20vh&#8220; max_height_last_edited=&#8220;on|desktop&#8220; custom_margin_tablet=&#8220;||||false|false&#8220; custom_margin_phone=&#8220;||||false|false&#8220; custom_margin_last_edited=&#8220;on|phone&#8220; custom_padding=&#8220;0px||0px||false|false&#8220; global_colors_info=&#8220;{}&#8220;][et_pb_column type=&#8220;1_2&#8243; module_class=&#8220;flex-row-end-center bg-turquoise-norm&#8220; admin_label=&#8220;become a member&#8220; _builder_version=&#8220;4.26.1&#8243; _module_preset=&#8220;default&#8220; background_color=&#8220;RGBA(255,255,255,0)&#8220; custom_padding=&#8220;||||false|false&#8220; link_option_url=&#8220;https:\/\/get-your-app.com\/community-nonprofit\/mitgliedsantrag\/&#8220; global_colors_info=&#8220;{}&#8220;][et_pb_image src=&#8220;https:\/\/get-your-app.com\/community-nonprofit\/wp-content\/uploads\/2024\/05\/icon-members.svg&#8220; alt=&#8220;Icon members&#8220; admin_label=&#8220;Icon join members&#8220; module_class=&#8220;btn-call-to-action-image&#8220; _builder_version=&#8220;4.25.1&#8243; _module_preset=&#8220;default&#8220; width=&#8220;10%&#8220; max_width=&#8220;70px&#8220; custom_margin=&#8220;1.5rem|1.5rem|1.5rem|1.5rem|false|false&#8220; custom_margin_tablet=&#8220;1.5rem|1.5rem|1.5rem|4rem|false|false&#8220; custom_margin_phone=&#8220;1.5rem|1.5rem|1.5rem|2.5rem|false|false&#8220; custom_margin_last_edited=&#8220;on|tablet&#8220; global_colors_info=&#8220;{}&#8220;][\/et_pb_image][et_pb_text admin_label=&#8220;Text join members&#8220; module_class=&#8220;btn-call-to-action&#8220; _builder_version=&#8220;4.26.1&#8243; _module_preset=&#8220;default&#8220; max_width=&#8220;75%&#8220; min_height=&#8220;2rem&#8220; custom_margin=&#8220;|3rem|||false|false&#8220; custom_padding=&#8220;||||false|false&#8220; global_colors_info=&#8220;{}&#8220;]Jetzt Mitglied <nobr>werden<\/nobr>[\/et_pb_text][\/et_pb_column][et_pb_column type=&#8220;1_2&#8243; module_class=&#8220;flex-row-start-center bg-turquoise-dark&#8220; admin_label=&#8220;search for specialists&#8220; _builder_version=&#8220;4.26.1&#8243; _module_preset=&#8220;default&#8220; background_color=&#8220;RGBA(255,255,255,0)&#8220; custom_padding=&#8220;||||false|false&#8220; link_option_url=&#8220;https:\/\/get-your-app.com\/community-nonprofit\/fachpersonensuche\/&#8220; global_colors_info=&#8220;{}&#8220;][et_pb_image src=&#8220;https:\/\/get-your-app.com\/community-nonprofit\/wp-content\/uploads\/2024\/05\/icon-magnifier.svg&#8220; alt=&#8220;Icon magnifier&#8220; admin_label=&#8220;Icon search for experts&#8220; module_class=&#8220;btn-call-to-action-image&#8220; _builder_version=&#8220;4.25.1&#8243; _module_preset=&#8220;default&#8220; width=&#8220;10%&#8220; max_width=&#8220;70px&#8220; custom_margin=&#8220;1.5rem|1.5rem|1.5rem|3rem|false|false&#8220; custom_margin_tablet=&#8220;|||4rem|false|false&#8220; custom_margin_phone=&#8220;|||2.5rem|false|false&#8220; custom_margin_last_edited=&#8220;on|tablet&#8220; global_colors_info=&#8220;{}&#8220;][\/et_pb_image][et_pb_text admin_label=&#8220;Text search for experts&#8220; module_class=&#8220;btn-call-to-action&#8220; _builder_version=&#8220;4.25.1&#8243; _module_preset=&#8220;default&#8220; max_width=&#8220;75%&#8220; min_height=&#8220;2rem&#8220; global_colors_info=&#8220;{}&#8220;]<\/p>\n<p>zur <nobr>Fachpersonensuche<\/nobr><\/p>\n<p>[\/et_pb_text][\/et_pb_column][\/et_pb_row][\/et_pb_section][et_pb_section fb_built=&#8220;1&#8243; _builder_version=&#8220;4.25.1&#8243; _module_preset=&#8220;default&#8220; custom_padding=&#8220;20px|||0px|false|false&#8220; global_colors_info=&#8220;{}&#8220;][et_pb_row column_structure=&#8220;1_4,3_4&#8243; admin_label=&#8220;Blog Roll&#8220; _builder_version=&#8220;4.25.1&#8243; _module_preset=&#8220;default&#8220; global_colors_info=&#8220;{}&#8220;][et_pb_column type=&#8220;1_4&#8243; disabled_on=&#8220;on|on|off&#8220; _builder_version=&#8220;4.25.1&#8243; _module_preset=&#8220;default&#8220; global_colors_info=&#8220;{}&#8220;][et_pb_menu menu_id=&#8220;14&#8243; _builder_version=&#8220;4.25.1&#8243; _module_preset=&#8220;default&#8220; locked=&#8220;off&#8220; global_colors_info=&#8220;{}&#8220;][\/et_pb_menu][et_pb_code _builder_version=&#8220;4.26.1&#8243; _module_preset=&#8220;default&#8220; locked=&#8220;off&#8220; global_colors_info=&#8220;{}&#8220;]<\/p>\n<style><!-- [et_pb_line_break_holder] -->    header nav ul#top-menu:first-child li:nth-child(2):not(ul.sub-menu li),<!-- [et_pb_line_break_holder] -->  ul#menu-aktuelles li:nth-child(2) {<!-- [et_pb_line_break_holder] -->    background-color: var(--blue-light);<!-- [et_pb_line_break_holder] -->    font-family: 'Open Sans Bold',Helvetica,Arial,Lucida,sans-serif;<!-- [et_pb_line_break_holder] -->    font-weight: 600;<!-- [et_pb_line_break_holder] -->  }<!-- [et_pb_line_break_holder] -->  <!-- [et_pb_line_break_holder] -->  ul.sub-menu li:not(.current-menu-item) {<!-- [et_pb_line_break_holder] -->    font-family: 'Open Sans Regular',Helvetica,Arial,Lucida,sans-serif;<!-- [et_pb_line_break_holder] -->    font-weight: 400;<!-- [et_pb_line_break_holder] -->  }<!-- [et_pb_line_break_holder] -->  <!-- [et_pb_line_break_holder] -->.et_pb_post .post-meta {<!-- [et_pb_line_break_holder] -->    margin-bottom: 2rem;<!-- [et_pb_line_break_holder] -->}<!-- [et_pb_line_break_holder] --><\/style>\n<p><!-- [et_pb_line_break_holder] -->[\/et_pb_code][\/et_pb_column][et_pb_column type=&#8220;3_4&#8243; _builder_version=&#8220;4.25.1&#8243; _module_preset=&#8220;default&#8220; global_colors_info=&#8220;{}&#8220;][et_pb_text admin_label=&#8220;Head %22Aktuelles%22&#8243; module_class=&#8220;category-name&#8220; _builder_version=&#8220;4.25.1&#8243; _module_preset=&#8220;default&#8220; locked=&#8220;off&#8220; global_colors_info=&#8220;{}&#8220;]<\/p>\n<p>Aktuelles<\/p>\n<p>[\/et_pb_text][et_pb_text admin_label=&#8220;Kategorie %22Aktuelle Artikel%22&#8243; module_class=&#8220;category-name&#8220; _builder_version=&#8220;4.26.1&#8243; _module_preset=&#8220;default&#8220; locked=&#8220;off&#8220; global_colors_info=&#8220;{}&#8220;]<\/p>\n<h1>Podcast<\/h1>\n<p>[\/et_pb_text][et_pb_text _builder_version=&#8220;4.26.1&#8243; _module_preset=&#8220;default&#8220; hover_enabled=&#8220;0&#8243; global_colors_info=&#8220;{}&#8220; sticky_enabled=&#8220;0&#8243;]<\/p>\n<p><span>Entdecken Sie in unserem neuesten Podcast mit Professor Nader Perroud die facettenreiche Welt von ADHS bei Erwachsenen! Wir beleuchten die Herausforderungen, die Konzentrationsschwierigkeiten im Alltag mit sich bringen, und werfen einen Blick auf die Abh\u00e4ngigkeit von sofortiger Belohnung und deren Einfluss auf unser Verhalten. Daniela Brustolin, Pr\u00e4sidentin der ASPEDAH, teilt wertvolle Tipps f\u00fcr Betroffene und Angeh\u00f6rige und hilft dabei, g\u00e4ngige Stereotypen \u00fcber ADHS zu hinterfragen. Lassen Sie sich inspirieren und gewinnen Sie neue Einsichten in dieses wichtige Thema!<\/span><\/p>\n<p>[\/et_pb_text][et_pb_text module_class=&#8220;line-divider&#8220; _builder_version=&#8220;4.26.1&#8243; _module_preset=&#8220;default&#8220; custom_margin=&#8220;||||false|false&#8220; custom_padding=&#8220;||40px||false|false&#8220; locked=&#8220;off&#8220; global_colors_info=&#8220;{}&#8220;]<\/p>\n<hr \/>\n<p>[\/et_pb_text][et_pb_blog include_categories=&#8220;58&#8243; meta_date=&#8220;d.m.Y&#8220; show_thumbnail=&#8220;off&#8220; excerpt_length=&#8220;100&#8243; show_author=&#8220;off&#8220; show_categories=&#8220;off&#8220; admin_label=&#8220;Blog Roll %22Aktuelle Artikel%22&#8243; _builder_version=&#8220;4.26.1&#8243; _module_preset=&#8220;default&#8220; border_color_top_fullwidth=&#8220;#000000&#8243; border_width_bottom_fullwidth=&#8220;2px&#8220; border_color_bottom_fullwidth=&#8220;#000000&#8243; locked=&#8220;off&#8220; global_colors_info=&#8220;{}&#8220;][\/et_pb_blog][\/et_pb_column][\/et_pb_row][\/et_pb_section]<\/p>\n","protected":false},"excerpt":{"rendered":"<p>Jetzt Mitglied werdenzur FachpersonensucheAktuellesPodcastEntdecken Sie in unserem neuesten Podcast mit Professor Nader Perroud die facettenreiche Welt von ADHS bei Erwachsenen! Wir beleuchten die Herausforderungen, die Konzentrationsschwierigkeiten im Alltag mit sich bringen, und werfen einen Blick auf die Abh\u00e4ngigkeit von sofortiger Belohnung und deren Einfluss auf unser Verhalten. Daniela Brustolin, Pr\u00e4sidentin der ASPEDAH, teilt wertvolle Tipps [&hellip;]<\/p>\n","protected":false},"author":1,"featured_media":0,"parent":909,"menu_order":0,"comment_status":"closed","ping_status":"closed","template":"","meta":{"_et_pb_use_builder":"on","_et_pb_old_content":"","_et_gb_content_width":"","footnotes":"","_links_to":"","_links_to_target":""},"class_list":["post-2867","page","type-page","status-publish","hentry"],"_links":{"self":[{"href":"https:\/\/get-your-app.com\/community-nonprofit\/wp-json\/wp\/v2\/pages\/2867","targetHints":{"allow":["GET"]}}],"collection":[{"href":"https:\/\/get-your-app.com\/community-nonprofit\/wp-json\/wp\/v2\/pages"}],"about":[{"href":"https:\/\/get-your-app.com\/community-nonprofit\/wp-json\/wp\/v2\/types\/page"}],"author":[{"embeddable":true,"href":"https:\/\/get-your-app.com\/community-nonprofit\/wp-json\/wp\/v2\/users\/1"}],"replies":[{"embeddable":true,"href":"https:\/\/get-your-app.com\/community-nonprofit\/wp-json\/wp\/v2\/comments?post=2867"}],"version-history":[{"count":16,"href":"https:\/\/get-your-app.com\/community-nonprofit\/wp-json\/wp\/v2\/pages\/2867\/revisions"}],"predecessor-version":[{"id":3021,"href":"https:\/\/get-your-app.com\/community-nonprofit\/wp-json\/wp\/v2\/pages\/2867\/revisions\/3021"}],"up":[{"embeddable":true,"href":"https:\/\/get-your-app.com\/community-nonprofit\/wp-json\/wp\/v2\/pages\/909"}],"wp:attachment":[{"href":"https:\/\/get-your-app.com\/community-nonprofit\/wp-json\/wp\/v2\/media?parent=2867"}],"curies":[{"name":"wp","href":"https:\/\/api.w.org\/{rel}","templated":true}]}}