{"id":2447,"date":"2024-11-21T14:09:38","date_gmt":"2024-11-21T13:09:38","guid":{"rendered":"https:\/\/get-your-app.com\/community-nonprofit\/?page_id=2447"},"modified":"2024-11-26T14:49:15","modified_gmt":"2024-11-26T13:49:15","slug":"jahresbericht","status":"publish","type":"page","link":"https:\/\/get-your-app.com\/community-nonprofit\/ueber-uns\/jahresbericht\/","title":{"rendered":"Jahresbericht"},"content":{"rendered":"<p>[et_pb_section fb_built=&#8220;1&#8243; custom_padding_last_edited=&#8220;on|tablet&#8220; admin_label=&#8220;Call to action buttons&#8220; module_id=&#8220;section-buttons-mitgliedwerden-fachpersonensuche&#8220; _builder_version=&#8220;4.26.1&#8243; _module_preset=&#8220;default&#8220; custom_margin=&#8220;||||false|false&#8220; custom_margin_tablet=&#8220;||||false|false&#8220; custom_margin_phone=&#8220;||||false|false&#8220; custom_margin_last_edited=&#8220;on|phone&#8220; custom_padding=&#8220;0px||0px||false|false&#8220; custom_padding_tablet=&#8220;0px||0px||false|false&#8220; custom_padding_phone=&#8220;0px||0px||false|false&#8220; global_module=&#8220;1057&#8243; locked=&#8220;off&#8220; global_colors_info=&#8220;{}&#8220;][et_pb_row column_structure=&#8220;1_2,1_2&#8243; use_custom_gutter=&#8220;on&#8220; gutter_width=&#8220;1&#8243; make_equal=&#8220;on&#8220; admin_label=&#8220;2 call to action buttons&#8220; module_id=&#8220;btn-become-member-specialist-search&#8220; _builder_version=&#8220;4.26.1&#8243; _module_preset=&#8220;default&#8220; width=&#8220;auto&#8220; max_width=&#8220;none&#8220; min_height=&#8220;15vh&#8220; min_height_tablet=&#8220;30vh&#8220; min_height_phone=&#8220;20vh&#8220; min_height_last_edited=&#8220;on|tablet&#8220; height=&#8220;15vh&#8220; height_tablet=&#8220;30vh&#8220; height_phone=&#8220;20vh&#8220; height_last_edited=&#8220;on|desktop&#8220; max_height=&#8220;15vh&#8220; max_height_tablet=&#8220;30vh&#8220; max_height_phone=&#8220;20vh&#8220; max_height_last_edited=&#8220;on|desktop&#8220; custom_margin_tablet=&#8220;||||false|false&#8220; custom_margin_phone=&#8220;||||false|false&#8220; custom_margin_last_edited=&#8220;on|phone&#8220; custom_padding=&#8220;0px||0px||false|false&#8220; global_colors_info=&#8220;{}&#8220;][et_pb_column type=&#8220;1_2&#8243; module_class=&#8220;flex-row-end-center bg-turquoise-norm&#8220; admin_label=&#8220;become a member&#8220; _builder_version=&#8220;4.26.1&#8243; _module_preset=&#8220;default&#8220; background_color=&#8220;RGBA(255,255,255,0)&#8220; custom_padding=&#8220;||||false|false&#8220; link_option_url=&#8220;https:\/\/get-your-app.com\/community-nonprofit\/mitgliedsantrag\/&#8220; global_colors_info=&#8220;{}&#8220;][et_pb_image src=&#8220;https:\/\/get-your-app.com\/community-nonprofit\/wp-content\/uploads\/2024\/05\/icon-members.svg&#8220; alt=&#8220;Icon members&#8220; admin_label=&#8220;Icon join members&#8220; module_class=&#8220;btn-call-to-action-image&#8220; _builder_version=&#8220;4.25.1&#8243; _module_preset=&#8220;default&#8220; width=&#8220;10%&#8220; max_width=&#8220;70px&#8220; custom_margin=&#8220;1.5rem|1.5rem|1.5rem|1.5rem|false|false&#8220; custom_margin_tablet=&#8220;1.5rem|1.5rem|1.5rem|4rem|false|false&#8220; custom_margin_phone=&#8220;1.5rem|1.5rem|1.5rem|2.5rem|false|false&#8220; custom_margin_last_edited=&#8220;on|tablet&#8220; global_colors_info=&#8220;{}&#8220;][\/et_pb_image][et_pb_text admin_label=&#8220;Text join members&#8220; module_class=&#8220;btn-call-to-action&#8220; _builder_version=&#8220;4.26.1&#8243; _module_preset=&#8220;default&#8220; max_width=&#8220;75%&#8220; min_height=&#8220;2rem&#8220; custom_margin=&#8220;|3rem|||false|false&#8220; custom_padding=&#8220;||||false|false&#8220; global_colors_info=&#8220;{}&#8220;]Jetzt Mitglied <nobr>werden<\/nobr>[\/et_pb_text][\/et_pb_column][et_pb_column type=&#8220;1_2&#8243; module_class=&#8220;flex-row-start-center bg-turquoise-dark&#8220; admin_label=&#8220;search for specialists&#8220; _builder_version=&#8220;4.26.1&#8243; _module_preset=&#8220;default&#8220; background_color=&#8220;RGBA(255,255,255,0)&#8220; custom_padding=&#8220;||||false|false&#8220; link_option_url=&#8220;https:\/\/get-your-app.com\/community-nonprofit\/fachpersonensuche\/&#8220; global_colors_info=&#8220;{}&#8220;][et_pb_image src=&#8220;https:\/\/get-your-app.com\/community-nonprofit\/wp-content\/uploads\/2024\/05\/icon-magnifier.svg&#8220; alt=&#8220;Icon magnifier&#8220; admin_label=&#8220;Icon search for experts&#8220; module_class=&#8220;btn-call-to-action-image&#8220; _builder_version=&#8220;4.25.1&#8243; _module_preset=&#8220;default&#8220; width=&#8220;10%&#8220; max_width=&#8220;70px&#8220; custom_margin=&#8220;1.5rem|1.5rem|1.5rem|3rem|false|false&#8220; custom_margin_tablet=&#8220;|||4rem|false|false&#8220; custom_margin_phone=&#8220;|||2.5rem|false|false&#8220; custom_margin_last_edited=&#8220;on|tablet&#8220; global_colors_info=&#8220;{}&#8220;][\/et_pb_image][et_pb_text admin_label=&#8220;Text search for experts&#8220; module_class=&#8220;btn-call-to-action&#8220; _builder_version=&#8220;4.25.1&#8243; _module_preset=&#8220;default&#8220; max_width=&#8220;75%&#8220; min_height=&#8220;2rem&#8220; global_colors_info=&#8220;{}&#8220;]<\/p>\n<p>zur <nobr>Fachpersonensuche<\/nobr><\/p>\n<p>[\/et_pb_text][\/et_pb_column][\/et_pb_row][\/et_pb_section][et_pb_section fb_built=&#8220;1&#8243; _builder_version=&#8220;4.25.1&#8243; _module_preset=&#8220;default&#8220; custom_padding=&#8220;20px||||false|false&#8220; global_colors_info=&#8220;{}&#8220;][et_pb_row column_structure=&#8220;1_4,3_4&#8243; admin_label=&#8220;Blog Roll&#8220; _builder_version=&#8220;4.26.1&#8243; _module_preset=&#8220;default&#8220; global_colors_info=&#8220;{}&#8220;][et_pb_column type=&#8220;1_4&#8243; disabled_on=&#8220;on|on|off&#8220; _builder_version=&#8220;4.26.1&#8243; _module_preset=&#8220;default&#8220; global_colors_info=&#8220;{}&#8220;][et_pb_menu menu_id=&#8220;17&#8243; module_class=&#8220;menu-sidebar&#8220; _builder_version=&#8220;4.26.0&#8243; _module_preset=&#8220;default&#8220; global_colors_info=&#8220;{}&#8220;][\/et_pb_menu][et_pb_code admin_label=&#8220;CSS Code&#8220; _builder_version=&#8220;4.26.1&#8243; _module_preset=&#8220;default&#8220; global_colors_info=&#8220;{}&#8220;]<\/p>\n<style><!-- [et_pb_line_break_holder] -->    header nav ul#top-menu:first-child li:nth-child(4):not(ul.sub-menu li),<!-- [et_pb_line_break_holder] -->  ul#menu-ueber-uns li:nth-child(5) {<!-- [et_pb_line_break_holder] -->    background-color: var(--blue-light);<!-- [et_pb_line_break_holder] -->    font-family: 'Open Sans Bold',Helvetica,Arial,Lucida,sans-serif;<!-- [et_pb_line_break_holder] -->    font-weight: 600;<!-- [et_pb_line_break_holder] -->  }<!-- [et_pb_line_break_holder] -->  <!-- [et_pb_line_break_holder] -->  ul.sub-menu li:not(.current-menu-item) {<!-- [et_pb_line_break_holder] -->    font-family: 'Open Sans Regular',Helvetica,Arial,Lucida,sans-serif;<!-- [et_pb_line_break_holder] -->    font-weight: 400;<!-- [et_pb_line_break_holder] -->  }<!-- [et_pb_line_break_holder] --><\/style>\n<p><!-- [et_pb_line_break_holder] -->[\/et_pb_code][\/et_pb_column][et_pb_column type=&#8220;3_4&#8243; _builder_version=&#8220;4.25.1&#8243; _module_preset=&#8220;default&#8220; global_colors_info=&#8220;{}&#8220;][et_pb_text admin_label=&#8220;Head %22Aktuelles%22&#8243; module_class=&#8220;category-name&#8220; _builder_version=&#8220;4.26.0&#8243; _module_preset=&#8220;default&#8220; global_colors_info=&#8220;{}&#8220;]<\/p>\n<p>\u00dcber uns<\/p>\n<p>[\/et_pb_text][et_pb_text admin_label=&#8220;Kategorie %22Aktuelle Artikel%22&#8243; module_class=&#8220;category-name&#8220; _builder_version=&#8220;4.26.1&#8243; _module_preset=&#8220;default&#8220; global_colors_info=&#8220;{}&#8220;]<\/p>\n<h1>Jahresbericht<\/h1>\n<p>[\/et_pb_text][et_pb_text _builder_version=&#8220;4.26.1&#8243; _module_preset=&#8220;default&#8220; global_colors_info=&#8220;{}&#8220;]Laden Sie hier unseren aktuellen Jahresbericht herunter, um einen umfassenden \u00dcberblick \u00fcber unsere T\u00e4tigkeit der letzten 12 Monate zu erhalten.[\/et_pb_text][et_pb_text _builder_version=&#8220;4.26.1&#8243; _module_preset=&#8220;default&#8220; global_colors_info=&#8220;{}&#8220; locked=&#8220;off&#8220;]2023: <a href=\"https:\/\/get-your-app.com\/community-nonprofit\/wp-content\/uploads\/2024\/11\/SFG-ADHS-Jahresbericht-2023.pdf\" target=\"_blank\" rel=\"noopener\" title=\"SFG ADHS JAhresbericht 2023\">Download<\/a>[\/et_pb_text][\/et_pb_column][\/et_pb_row][\/et_pb_section]<\/p>\n","protected":false},"excerpt":{"rendered":"<p>Jetzt Mitglied werdenzur Fachpersonensuche\u00dcber unsJahresberichtLaden Sie hier unseren aktuellen Jahresbericht herunter, um einen umfassenden \u00dcberblick \u00fcber unsere T\u00e4tigkeit der letzten 12 Monate zu erhalten.2023: Download<\/p>\n","protected":false},"author":1,"featured_media":0,"parent":982,"menu_order":0,"comment_status":"closed","ping_status":"closed","template":"","meta":{"_et_pb_use_builder":"on","_et_pb_old_content":"","_et_gb_content_width":"","footnotes":"","_links_to":"","_links_to_target":""},"class_list":["post-2447","page","type-page","status-publish","hentry"],"_links":{"self":[{"href":"https:\/\/get-your-app.com\/community-nonprofit\/wp-json\/wp\/v2\/pages\/2447","targetHints":{"allow":["GET"]}}],"collection":[{"href":"https:\/\/get-your-app.com\/community-nonprofit\/wp-json\/wp\/v2\/pages"}],"about":[{"href":"https:\/\/get-your-app.com\/community-nonprofit\/wp-json\/wp\/v2\/types\/page"}],"author":[{"embeddable":true,"href":"https:\/\/get-your-app.com\/community-nonprofit\/wp-json\/wp\/v2\/users\/1"}],"replies":[{"embeddable":true,"href":"https:\/\/get-your-app.com\/community-nonprofit\/wp-json\/wp\/v2\/comments?post=2447"}],"version-history":[{"count":4,"href":"https:\/\/get-your-app.com\/community-nonprofit\/wp-json\/wp\/v2\/pages\/2447\/revisions"}],"predecessor-version":[{"id":2560,"href":"https:\/\/get-your-app.com\/community-nonprofit\/wp-json\/wp\/v2\/pages\/2447\/revisions\/2560"}],"up":[{"embeddable":true,"href":"https:\/\/get-your-app.com\/community-nonprofit\/wp-json\/wp\/v2\/pages\/982"}],"wp:attachment":[{"href":"https:\/\/get-your-app.com\/community-nonprofit\/wp-json\/wp\/v2\/media?parent=2447"}],"curies":[{"name":"wp","href":"https:\/\/api.w.org\/{rel}","templated":true}]}}