{"id":2434,"date":"2024-11-21T13:49:30","date_gmt":"2024-11-21T12:49:30","guid":{"rendered":"https:\/\/get-your-app.com\/community-nonprofit\/?page_id=2434"},"modified":"2025-03-04T10:25:10","modified_gmt":"2025-03-04T09:25:10","slug":"adhs-und-behandlung","status":"publish","type":"page","link":"https:\/\/get-your-app.com\/community-nonprofit\/adhs\/adhs-und-behandlung\/","title":{"rendered":"ADHS und Behandlung"},"content":{"rendered":"<p>[et_pb_section fb_built=&#8220;1&#8243; custom_padding_last_edited=&#8220;on|tablet&#8220; admin_label=&#8220;Call to action buttons&#8220; module_id=&#8220;section-buttons-mitgliedwerden-fachpersonensuche&#8220; _builder_version=&#8220;4.26.1&#8243; _module_preset=&#8220;default&#8220; custom_margin=&#8220;||||false|false&#8220; custom_margin_tablet=&#8220;||||false|false&#8220; custom_margin_phone=&#8220;||||false|false&#8220; custom_margin_last_edited=&#8220;on|phone&#8220; custom_padding=&#8220;0px||0px||false|false&#8220; custom_padding_tablet=&#8220;0px||0px||false|false&#8220; custom_padding_phone=&#8220;0px||0px||false|false&#8220; global_module=&#8220;1057&#8243; locked=&#8220;off&#8220; global_colors_info=&#8220;{}&#8220;][et_pb_row column_structure=&#8220;1_2,1_2&#8243; use_custom_gutter=&#8220;on&#8220; gutter_width=&#8220;1&#8243; make_equal=&#8220;on&#8220; admin_label=&#8220;2 call to action buttons&#8220; module_id=&#8220;btn-become-member-specialist-search&#8220; _builder_version=&#8220;4.26.1&#8243; _module_preset=&#8220;default&#8220; width=&#8220;auto&#8220; max_width=&#8220;none&#8220; min_height=&#8220;15vh&#8220; min_height_tablet=&#8220;30vh&#8220; min_height_phone=&#8220;20vh&#8220; min_height_last_edited=&#8220;on|tablet&#8220; height=&#8220;15vh&#8220; height_tablet=&#8220;30vh&#8220; height_phone=&#8220;20vh&#8220; height_last_edited=&#8220;on|desktop&#8220; max_height=&#8220;15vh&#8220; max_height_tablet=&#8220;30vh&#8220; max_height_phone=&#8220;20vh&#8220; max_height_last_edited=&#8220;on|desktop&#8220; custom_margin_tablet=&#8220;||||false|false&#8220; custom_margin_phone=&#8220;||||false|false&#8220; custom_margin_last_edited=&#8220;on|phone&#8220; custom_padding=&#8220;0px||0px||false|false&#8220; global_colors_info=&#8220;{}&#8220;][et_pb_column type=&#8220;1_2&#8243; module_class=&#8220;flex-row-end-center bg-turquoise-norm&#8220; admin_label=&#8220;become a member&#8220; _builder_version=&#8220;4.26.1&#8243; _module_preset=&#8220;default&#8220; background_color=&#8220;RGBA(255,255,255,0)&#8220; custom_padding=&#8220;||||false|false&#8220; link_option_url=&#8220;https:\/\/get-your-app.com\/community-nonprofit\/mitgliedsantrag\/&#8220; global_colors_info=&#8220;{}&#8220;][et_pb_image src=&#8220;https:\/\/get-your-app.com\/community-nonprofit\/wp-content\/uploads\/2024\/05\/icon-members.svg&#8220; alt=&#8220;Icon members&#8220; admin_label=&#8220;Icon join members&#8220; module_class=&#8220;btn-call-to-action-image&#8220; _builder_version=&#8220;4.25.1&#8243; _module_preset=&#8220;default&#8220; width=&#8220;10%&#8220; max_width=&#8220;70px&#8220; custom_margin=&#8220;1.5rem|1.5rem|1.5rem|1.5rem|false|false&#8220; custom_margin_tablet=&#8220;1.5rem|1.5rem|1.5rem|4rem|false|false&#8220; custom_margin_phone=&#8220;1.5rem|1.5rem|1.5rem|2.5rem|false|false&#8220; custom_margin_last_edited=&#8220;on|tablet&#8220; global_colors_info=&#8220;{}&#8220;][\/et_pb_image][et_pb_text admin_label=&#8220;Text join members&#8220; module_class=&#8220;btn-call-to-action&#8220; _builder_version=&#8220;4.26.1&#8243; _module_preset=&#8220;default&#8220; max_width=&#8220;75%&#8220; min_height=&#8220;2rem&#8220; custom_margin=&#8220;|3rem|||false|false&#8220; custom_padding=&#8220;||||false|false&#8220; global_colors_info=&#8220;{}&#8220;]Jetzt Mitglied <nobr>werden<\/nobr>[\/et_pb_text][\/et_pb_column][et_pb_column type=&#8220;1_2&#8243; module_class=&#8220;flex-row-start-center bg-turquoise-dark&#8220; admin_label=&#8220;search for specialists&#8220; _builder_version=&#8220;4.26.1&#8243; _module_preset=&#8220;default&#8220; background_color=&#8220;RGBA(255,255,255,0)&#8220; custom_padding=&#8220;||||false|false&#8220; link_option_url=&#8220;https:\/\/get-your-app.com\/community-nonprofit\/fachpersonensuche\/&#8220; global_colors_info=&#8220;{}&#8220;][et_pb_image src=&#8220;https:\/\/get-your-app.com\/community-nonprofit\/wp-content\/uploads\/2024\/05\/icon-magnifier.svg&#8220; alt=&#8220;Icon magnifier&#8220; admin_label=&#8220;Icon search for experts&#8220; module_class=&#8220;btn-call-to-action-image&#8220; _builder_version=&#8220;4.25.1&#8243; _module_preset=&#8220;default&#8220; width=&#8220;10%&#8220; max_width=&#8220;70px&#8220; custom_margin=&#8220;1.5rem|1.5rem|1.5rem|3rem|false|false&#8220; custom_margin_tablet=&#8220;|||4rem|false|false&#8220; custom_margin_phone=&#8220;|||2.5rem|false|false&#8220; custom_margin_last_edited=&#8220;on|tablet&#8220; global_colors_info=&#8220;{}&#8220;][\/et_pb_image][et_pb_text admin_label=&#8220;Text search for experts&#8220; module_class=&#8220;btn-call-to-action&#8220; _builder_version=&#8220;4.25.1&#8243; _module_preset=&#8220;default&#8220; max_width=&#8220;75%&#8220; min_height=&#8220;2rem&#8220; global_colors_info=&#8220;{}&#8220;]<\/p>\n<p>zur <nobr>Fachpersonensuche<\/nobr><\/p>\n<p>[\/et_pb_text][\/et_pb_column][\/et_pb_row][\/et_pb_section][et_pb_section fb_built=&#8220;1&#8243; _builder_version=&#8220;4.25.1&#8243; _module_preset=&#8220;default&#8220; custom_padding=&#8220;20px||||false|false&#8220; global_colors_info=&#8220;{}&#8220;][et_pb_row column_structure=&#8220;1_4,3_4&#8243; admin_label=&#8220;Blog Roll&#8220; _builder_version=&#8220;4.25.1&#8243; _module_preset=&#8220;default&#8220; global_colors_info=&#8220;{}&#8220;][et_pb_column type=&#8220;1_4&#8243; disabled_on=&#8220;on|on|off&#8220; _builder_version=&#8220;4.25.1&#8243; _module_preset=&#8220;default&#8220; global_colors_info=&#8220;{}&#8220;][et_pb_menu menu_id=&#8220;51&#8243; _builder_version=&#8220;4.26.0&#8243; _module_preset=&#8220;default&#8220; global_colors_info=&#8220;{}&#8220;][\/et_pb_menu][et_pb_code _builder_version=&#8220;4.26.1&#8243; _module_preset=&#8220;default&#8220; global_colors_info=&#8220;{}&#8220;]<\/p>\n<style><!-- [et_pb_line_break_holder] -->    header nav ul#top-menu:first-child li:nth-child(3):not(ul.sub-menu li),<!-- [et_pb_line_break_holder] -->  ul#menu-adhs-fachinformationen li:nth-child(3) {<!-- [et_pb_line_break_holder] -->    background-color: var(--blue-light);<!-- [et_pb_line_break_holder] -->    font-family: 'Open Sans Bold',Helvetica,Arial,Lucida,sans-serif;<!-- [et_pb_line_break_holder] -->    font-weight: 600;<!-- [et_pb_line_break_holder] -->  }<!-- [et_pb_line_break_holder] -->  <!-- [et_pb_line_break_holder] -->  ul.sub-menu li:not(.current-menu-item) {<!-- [et_pb_line_break_holder] -->    font-family: 'Open Sans Regular',Helvetica,Arial,Lucida,sans-serif;<!-- [et_pb_line_break_holder] -->    font-weight: 400;<!-- [et_pb_line_break_holder] -->  }<!-- [et_pb_line_break_holder] -->  <!-- [et_pb_line_break_holder] -->  .et_pb_menu--without-logo .et_pb_menu__menu>nav>ul>li {<!-- [et_pb_line_break_holder] -->    margin-top: 0;<!-- [et_pb_line_break_holder] -->}<!-- [et_pb_line_break_holder] --><\/style>\n<p><!-- [et_pb_line_break_holder] -->[\/et_pb_code][\/et_pb_column][et_pb_column type=&#8220;3_4&#8243; _builder_version=&#8220;4.25.1&#8243; _module_preset=&#8220;default&#8220; global_colors_info=&#8220;{}&#8220;][et_pb_text admin_label=&#8220;Head %22Aktuelles%22&#8243; module_class=&#8220;category-name&#8220; _builder_version=&#8220;4.26.1&#8243; _module_preset=&#8220;default&#8220; locked=&#8220;off&#8220; global_colors_info=&#8220;{}&#8220;]<\/p>\n<p>ADHS<\/p>\n<p>[\/et_pb_text][et_pb_text admin_label=&#8220;Kategorie %22Aktuelle Artikel%22&#8243; module_class=&#8220;category-name&#8220; _builder_version=&#8220;4.26.1&#8243; _module_preset=&#8220;default&#8220; global_colors_info=&#8220;{}&#8220;]<\/p>\n<h1><span>ADHS und Behandlung<\/span><\/h1>\n<p>[\/et_pb_text][et_pb_text _builder_version=&#8220;4.26.1&#8243; _module_preset=&#8220;default&#8220; global_colors_info=&#8220;{}&#8220;]Die Aufmerksamkeitsdefizit-\/Hyperaktivit\u00e4tsst\u00f6rung (ADHS) ist eine Entwicklungsst\u00f6rung, die sowohl Kinder als auch Erwachsene betrifft. Sie ist durch Symptome wie Unaufmerksamkeit, Hyperaktivit\u00e4t und Impulsivit\u00e4t gekennzeichnet, die das allt\u00e4gliche Leben erheblich beeintr\u00e4chtigen k\u00f6nnen. Die Behandlung von ADHS verfolgt das Ziel, die Symptome zu lindern und die Lebensqualit\u00e4t der Betroffenen zu verbessern. Hierbei kommen sowohl pharmakologische als auch nicht-pharmakologische Ans\u00e4tze zum Einsatz. Die multimodale Therapie, die eine Kombination aus verschiedenen Behandlungsformen darstellt, gilt hierbei als der aktuelle Goldstandard und repr\u00e4sentiert den wissenschaftlich anerkannten Standard in der Behandlung von ADHS. [\/et_pb_text][et_pb_text module_class=&#8220;turquoise-dark&#8220; _builder_version=&#8220;4.26.1&#8243; _module_preset=&#8220;default&#8220; custom_margin=&#8220;50px||0px||false|false&#8220; hover_enabled=&#8220;0&#8243; locked=&#8220;off&#8220; global_colors_info=&#8220;{}&#8220; sticky_enabled=&#8220;0&#8243;]<\/p>\n<h3>Pharmakologische Behandlung<\/h3>\n<p>[\/et_pb_text][et_pb_text _builder_version=&#8220;4.26.1&#8243; _module_preset=&#8220;default&#8220; custom_margin=&#8220;||||false|false&#8220; global_colors_info=&#8220;{}&#8220;]Die medikament\u00f6se Therapie ist ein zentraler Bestandteil der ADHS-Behandlung. Zu den am h\u00e4ufigsten eingesetzten Medikamenten geh\u00f6ren: [\/et_pb_text][et_pb_text module_class=&#8220;turquoise-dark&#8220; _builder_version=&#8220;4.26.1&#8243; _module_preset=&#8220;default&#8220; header_3_text_color=&#8220;#1e1e1e&#8220; custom_margin=&#8220;||0px||false|false&#8220; hover_enabled=&#8220;0&#8243; locked=&#8220;off&#8220; global_colors_info=&#8220;{}&#8220; sticky_enabled=&#8220;0&#8243;]<\/p>\n<h4>1. Stimulanzien<\/h4>\n<p>[\/et_pb_text][et_pb_text _builder_version=&#8220;4.26.1&#8243; _module_preset=&#8220;default&#8220; custom_margin=&#8220;||||false|false&#8220; custom_padding=&#8220;||||false|false&#8220; global_colors_info=&#8220;{}&#8220;]Obwohl Behandlungen mit Amphetaminen in der Schweiz \u00fcblicherweise erst nach dem Nicht-Ansprechen auf einen Therapieversuch mit Methylphenidat zum Einsatz kommen, werden Substanzen wie Methylphenidat und Amphetamine in der evidenzbasierten ADHS-Therapie allgemein als Erstlinienmedikamente angesehen Sie wirken, indem sie die Dopamin- und Noradrenalinspiegel im Gehirn erh\u00f6hen, was die Aufmerksamkeit verbessert und die Impulsivit\u00e4t reduziert. [\/et_pb_text][et_pb_text _builder_version=&#8220;4.26.1&#8243; _module_preset=&#8220;default&#8220; custom_margin=&#8220;||||false|false&#8220; custom_padding=&#8220;||||false|false&#8220; global_colors_info=&#8220;{}&#8220;]<\/p>\n<ul>\n<li><span style=\"text-decoration: underline;\">Vorteile:<\/span><br \/>Schnelle Wirksamkeit, gut vertr\u00e4glich und deutliche Symptomreduktion. <\/li>\n<li><span style=\"text-decoration: underline;\">H\u00e4ufigste Nebenwirkungen:<\/span><br \/>Schlaflosigkeit, Appetitverlust, erh\u00f6hter Puls, Angstzust\u00e4nde, erh\u00f6hter Blutdruck und nicht angezeigt bei kardiovaskul\u00e4ren Erkrankungen.<\/li>\n<\/ul>\n<p>[\/et_pb_text][et_pb_text module_class=&#8220;turquoise-dark&#8220; _builder_version=&#8220;4.26.1&#8243; _module_preset=&#8220;default&#8220; header_3_text_color=&#8220;#1e1e1e&#8220; custom_margin=&#8220;||0px||false|false&#8220; hover_enabled=&#8220;0&#8243; locked=&#8220;off&#8220; global_colors_info=&#8220;{}&#8220; sticky_enabled=&#8220;0&#8243;]<\/p>\n<h4>2. Nicht-stimulierende Medikamente<\/h4>\n<p>[\/et_pb_text][et_pb_text _builder_version=&#8220;4.26.1&#8243; _module_preset=&#8220;default&#8220; global_colors_info=&#8220;{}&#8220;]Substanzen wie Atomoxetin und Guanfacin (nur f\u00fcr Kindern) bieten eine Alternative f\u00fcr Patienten, die auf Stimulanzien nicht ansprechen oder diese nicht vertragen.[\/et_pb_text][et_pb_text _builder_version=&#8220;4.26.1&#8243; _module_preset=&#8220;default&#8220; global_colors_info=&#8220;{}&#8220;]<\/p>\n<ul>\n<li><u>Vorteile:<\/u><br \/>L\u00e4ngere Wirkdauer und geringeres Risiko f\u00fcr Missbrauch. <\/li>\n<li><u>H\u00e4ufigste Nebenwirkungen:<\/u><br \/>M\u00fcdigkeit, Magen-Darm-Beschwerden und Stimmungsschwankungen. <\/li>\n<\/ul>\n<p>[\/et_pb_text][et_pb_text module_class=&#8220;turquoise-dark&#8220; _builder_version=&#8220;4.26.1&#8243; _module_preset=&#8220;default&#8220; custom_margin=&#8220;50px||0px||false|false&#8220; hover_enabled=&#8220;0&#8243; locked=&#8220;off&#8220; global_colors_info=&#8220;{}&#8220; sticky_enabled=&#8220;0&#8243;]<\/p>\n<h3>Nicht-pharmakologische Ans\u00e4tze<\/h3>\n<p>[\/et_pb_text][et_pb_text _builder_version=&#8220;4.26.1&#8243; _module_preset=&#8220;default&#8220; custom_margin=&#8220;||||false|false&#8220; global_colors_info=&#8220;{}&#8220;]Neben der medikament\u00f6sen Therapie spielen auch nicht-pharmakologische Methoden eine wichtige Rolle in der Behandlung von ADHS. Diese Ans\u00e4tze zielen darauf ab, Verhaltensweisen zu \u00e4ndern, soziale Kompetenzen zu f\u00f6rdern und die Selbstregulation zu verbessern. [\/et_pb_text][et_pb_text module_class=&#8220;turquoise-dark&#8220; _builder_version=&#8220;4.26.1&#8243; _module_preset=&#8220;default&#8220; custom_margin=&#8220;||0px||false|false&#8220; hover_enabled=&#8220;0&#8243; locked=&#8220;off&#8220; global_colors_info=&#8220;{}&#8220; sticky_enabled=&#8220;0&#8243;]<\/p>\n<h4>1. Kognitive Verhaltenstherapie (CBT)<\/h4>\n<p>[\/et_pb_text][et_pb_text _builder_version=&#8220;4.26.1&#8243; _module_preset=&#8220;default&#8220; global_colors_info=&#8220;{}&#8220;]CBT hilft Betroffenen, negative Denkmuster zu erkennen und zu \u00e4ndern. Sie kann insbesondere bei Erwachsenen mit ADHS wirksam sein, um Organisation und Zeitmanagement zu verbessern. [\/et_pb_text][et_pb_text module_class=&#8220;turquoise-dark&#8220; _builder_version=&#8220;4.26.1&#8243; _module_preset=&#8220;default&#8220; custom_margin=&#8220;||0px||false|false&#8220; hover_enabled=&#8220;0&#8243; locked=&#8220;off&#8220; global_colors_info=&#8220;{}&#8220; sticky_enabled=&#8220;0&#8243;]<\/p>\n<h4>3. Achtsamkeitstraining<\/h4>\n<p>[\/et_pb_text][et_pb_text _builder_version=&#8220;4.26.1&#8243; _module_preset=&#8220;default&#8220; global_colors_info=&#8220;{}&#8220;]Achtsamkeits\u00fcbungen k\u00f6nnen helfen, die Selbstwahrnehmung und Emotionsregulation zu st\u00e4rken. Besonders bei Erwachsenen mit ADHS zeigt dieser Ansatz vielversprechende Ergebnisse. [\/et_pb_text][et_pb_text module_class=&#8220;turquoise-dark&#8220; _builder_version=&#8220;4.26.1&#8243; _module_preset=&#8220;default&#8220; custom_margin=&#8220;||0px||false|false&#8220; hover_enabled=&#8220;0&#8243; locked=&#8220;off&#8220; global_colors_info=&#8220;{}&#8220; sticky_enabled=&#8220;0&#8243;]<\/p>\n<h4>4. Elterntraining und Familieninterventionen<\/h4>\n<p>[\/et_pb_text][et_pb_text _builder_version=&#8220;4.26.1&#8243; _module_preset=&#8220;default&#8220; global_colors_info=&#8220;{}&#8220;]F\u00fcr Kinder mit ADHS ist die Unterst\u00fctzung durch Eltern und Familie entscheidend. Spezielle Trainingsprogramme helfen Eltern, mit den Herausforderungen im Alltag besser umzugehen und positive Verhaltensweisen zu f\u00f6rdern. [\/et_pb_text][et_pb_text module_class=&#8220;turquoise-dark&#8220; _builder_version=&#8220;4.26.1&#8243; _module_preset=&#8220;default&#8220; custom_margin=&#8220;50px||0px||false|false&#8220; hover_enabled=&#8220;0&#8243; locked=&#8220;off&#8220; global_colors_info=&#8220;{}&#8220; sticky_enabled=&#8220;0&#8243;]<\/p>\n<h3>Multimodale Behandlung<\/h3>\n<p>[\/et_pb_text][et_pb_text _builder_version=&#8220;4.26.1&#8243; _module_preset=&#8220;default&#8220; custom_margin=&#8220;||||false|false&#8220; global_colors_info=&#8220;{}&#8220;]Die Kombination aus pharmakologischen und nicht-pharmakologischen Ans\u00e4tzen wird als multimodale Behandlung bezeichnet. Dieser Ansatz hat sich als besonders effektiv erwiesen, da er sowohl die biologischen als auch die psychosozialen Aspekte von ADHS adressiert. [\/et_pb_text][et_pb_text module_class=&#8220;turquoise-dark&#8220; _builder_version=&#8220;4.26.1&#8243; _module_preset=&#8220;default&#8220; custom_margin=&#8220;50px||0px||false|false&#8220; hover_enabled=&#8220;0&#8243; locked=&#8220;off&#8220; global_colors_info=&#8220;{}&#8220; sticky_enabled=&#8220;0&#8243;]<\/p>\n<h3>Herausforderungen und zuk\u00fcnftige Ans\u00e4tze<\/h3>\n<p>[\/et_pb_text][et_pb_text _builder_version=&#8220;4.26.1&#8243; _module_preset=&#8220;default&#8220; custom_margin=&#8220;||||false|false&#8220; global_colors_info=&#8220;{}&#8220;]<\/p>\n<ul>\n<li><u>Langfristige Wirksamkeit:<\/u><br \/>Die Langzeitwirkung vieler Therapien ist noch nicht ausreichend erforscht. <\/li>\n<li><u>Individualisierung:<\/u><br \/>Nicht alle Patienten sprechen auf die gleichen Therapien an. Personalisierte Behandlungsans\u00e4tze, die genetische und umweltbedingte Faktoren ber\u00fccksichtigen, werden zunehmend erforscht. <\/li>\n<li><u>Digitale Technologien:<\/u><br \/>Apps und Wearables k\u00f6nnten zuk\u00fcnftig eine gr\u00f6\u00dfere Rolle in der Behandlung spielen, indem sie Symptome in Echtzeit \u00fcberwachen und Interventionen unterst\u00fctzen. <\/li>\n<\/ul>\n<p>[\/et_pb_text][et_pb_text module_class=&#8220;turquoise-dark&#8220; _builder_version=&#8220;4.26.1&#8243; _module_preset=&#8220;default&#8220; custom_margin=&#8220;50px||0px||false|false&#8220; hover_enabled=&#8220;0&#8243; locked=&#8220;off&#8220; global_colors_info=&#8220;{}&#8220; sticky_enabled=&#8220;0&#8243;]<\/p>\n<h3>Fazit<\/h3>\n<p>[\/et_pb_text][et_pb_text _builder_version=&#8220;4.26.1&#8243; _module_preset=&#8220;default&#8220; custom_margin=&#8220;||||false|false&#8220; global_colors_info=&#8220;{}&#8220;]Die Behandlung von ADHS erfordert einen ganzheitlichen Ansatz, der die individuellen Bed\u00fcrfnisse der Betroffenen ber\u00fccksichtigt. Durch die Kombination aus medikament\u00f6ser Therapie, Verhaltenstherapie und Unterst\u00fctzung im sozialen Umfeld k\u00f6nnen die Symptome effektiv gemindert und die Lebensqualit\u00e4t verbessert werden. Die zuk\u00fcnftige Forschung wird dazu beitragen, die Behandlung weiter zu optimieren und personalisierte Ans\u00e4tze zu entwickeln. [\/et_pb_text][\/et_pb_column][\/et_pb_row][\/et_pb_section]<\/p>\n","protected":false},"excerpt":{"rendered":"<p>Jetzt Mitglied werdenzur FachpersonensucheADHSADHS und BehandlungDie Aufmerksamkeitsdefizit-\/Hyperaktivit\u00e4tsst\u00f6rung (ADHS) ist eine Entwicklungsst\u00f6rung, die sowohl Kinder als auch Erwachsene betrifft. Sie ist durch Symptome wie Unaufmerksamkeit, Hyperaktivit\u00e4t und Impulsivit\u00e4t gekennzeichnet, die das allt\u00e4gliche Leben erheblich beeintr\u00e4chtigen k\u00f6nnen. Die Behandlung von ADHS verfolgt das Ziel, die Symptome zu lindern und die Lebensqualit\u00e4t der Betroffenen zu verbessern. Hierbei kommen [&hellip;]<\/p>\n","protected":false},"author":1,"featured_media":0,"parent":1385,"menu_order":0,"comment_status":"closed","ping_status":"closed","template":"","meta":{"_et_pb_use_builder":"on","_et_pb_old_content":"","_et_gb_content_width":"","footnotes":"","_links_to":"","_links_to_target":""},"class_list":["post-2434","page","type-page","status-publish","hentry"],"_links":{"self":[{"href":"https:\/\/get-your-app.com\/community-nonprofit\/wp-json\/wp\/v2\/pages\/2434","targetHints":{"allow":["GET"]}}],"collection":[{"href":"https:\/\/get-your-app.com\/community-nonprofit\/wp-json\/wp\/v2\/pages"}],"about":[{"href":"https:\/\/get-your-app.com\/community-nonprofit\/wp-json\/wp\/v2\/types\/page"}],"author":[{"embeddable":true,"href":"https:\/\/get-your-app.com\/community-nonprofit\/wp-json\/wp\/v2\/users\/1"}],"replies":[{"embeddable":true,"href":"https:\/\/get-your-app.com\/community-nonprofit\/wp-json\/wp\/v2\/comments?post=2434"}],"version-history":[{"count":22,"href":"https:\/\/get-your-app.com\/community-nonprofit\/wp-json\/wp\/v2\/pages\/2434\/revisions"}],"predecessor-version":[{"id":3033,"href":"https:\/\/get-your-app.com\/community-nonprofit\/wp-json\/wp\/v2\/pages\/2434\/revisions\/3033"}],"up":[{"embeddable":true,"href":"https:\/\/get-your-app.com\/community-nonprofit\/wp-json\/wp\/v2\/pages\/1385"}],"wp:attachment":[{"href":"https:\/\/get-your-app.com\/community-nonprofit\/wp-json\/wp\/v2\/media?parent=2434"}],"curies":[{"name":"wp","href":"https:\/\/api.w.org\/{rel}","templated":true}]}}