{"id":1445,"date":"2024-07-09T13:13:33","date_gmt":"2024-07-09T11:13:33","guid":{"rendered":"https:\/\/get-your-app.com\/community-nonprofit\/?page_id=1445"},"modified":"2024-11-12T11:41:42","modified_gmt":"2024-11-12T10:41:42","slug":"haftungsausschluss","status":"publish","type":"page","link":"https:\/\/get-your-app.com\/community-nonprofit\/kontakt-main\/haftungsausschluss\/","title":{"rendered":"Haftungsausschluss"},"content":{"rendered":"<p>[et_pb_section fb_built=&#8220;1&#8243; custom_padding_last_edited=&#8220;on|tablet&#8220; admin_label=&#8220;Call to action buttons&#8220; _builder_version=&#8220;4.25.1&#8243; _module_preset=&#8220;default&#8220; custom_margin=&#8220;||||false|false&#8220; custom_margin_tablet=&#8220;||||false|false&#8220; custom_margin_phone=&#8220;||||false|false&#8220; custom_margin_last_edited=&#8220;on|phone&#8220; custom_padding=&#8220;0px||0px||false|false&#8220; custom_padding_tablet=&#8220;0px||0px||false|false&#8220; custom_padding_phone=&#8220;0px||0px||false|false&#8220; global_module=&#8220;1057&#8243; locked=&#8220;off&#8220; global_colors_info=&#8220;{}&#8220;][et_pb_row column_structure=&#8220;1_2,1_2&#8243; use_custom_gutter=&#8220;on&#8220; gutter_width=&#8220;1&#8243; make_equal=&#8220;on&#8220; admin_label=&#8220;2 call to action buttons&#8220; module_id=&#8220;btn-become-member-specialist-search&#8220; _builder_version=&#8220;4.25.2&#8243; _module_preset=&#8220;default&#8220; width=&#8220;auto&#8220; max_width=&#8220;none&#8220; min_height=&#8220;15vh&#8220; min_height_tablet=&#8220;30vh&#8220; min_height_phone=&#8220;20vh&#8220; min_height_last_edited=&#8220;on|tablet&#8220; height=&#8220;15vh&#8220; height_tablet=&#8220;30vh&#8220; height_phone=&#8220;20vh&#8220; height_last_edited=&#8220;on|desktop&#8220; max_height=&#8220;15vh&#8220; max_height_tablet=&#8220;30vh&#8220; max_height_phone=&#8220;20vh&#8220; max_height_last_edited=&#8220;on|desktop&#8220; custom_margin_tablet=&#8220;||||false|false&#8220; custom_margin_phone=&#8220;||||false|false&#8220; custom_margin_last_edited=&#8220;on|phone&#8220; custom_padding=&#8220;0px||0px||false|false&#8220; global_colors_info=&#8220;{}&#8220;][et_pb_column type=&#8220;1_2&#8243; module_class=&#8220;flex-row-end-center bg-turquoise-norm&#8220; admin_label=&#8220;become a member&#8220; _builder_version=&#8220;4.25.2&#8243; _module_preset=&#8220;default&#8220; background_color=&#8220;RGBA(255,255,255,0)&#8220; custom_padding=&#8220;||||false|false&#8220; link_option_url=&#8220;https:\/\/get-your-app.com\/community-nonprofit\/registrieren\/&#8220; global_colors_info=&#8220;{}&#8220;][et_pb_image src=&#8220;https:\/\/get-your-app.com\/community-nonprofit\/wp-content\/uploads\/2024\/05\/icon-members.svg&#8220; alt=&#8220;Icon members&#8220; admin_label=&#8220;Icon join members&#8220; module_class=&#8220;btn-call-to-action-image&#8220; _builder_version=&#8220;4.25.1&#8243; _module_preset=&#8220;default&#8220; width=&#8220;10%&#8220; max_width=&#8220;70px&#8220; custom_margin=&#8220;1.5rem|1.5rem|1.5rem|1.5rem|false|false&#8220; custom_margin_tablet=&#8220;1.5rem|1.5rem|1.5rem|4rem|false|false&#8220; custom_margin_phone=&#8220;1.5rem|1.5rem|1.5rem|2.5rem|false|false&#8220; custom_margin_last_edited=&#8220;on|tablet&#8220; global_colors_info=&#8220;{}&#8220;][\/et_pb_image][et_pb_text admin_label=&#8220;Text join members&#8220; module_class=&#8220;btn-call-to-action&#8220; _builder_version=&#8220;4.26.0&#8243; _module_preset=&#8220;default&#8220; max_width=&#8220;75%&#8220; min_height=&#8220;2rem&#8220; custom_margin=&#8220;|3rem|||false|false&#8220; custom_padding=&#8220;||||false|false&#8220; global_colors_info=&#8220;{}&#8220;]<\/p>\n<p>Jetzt Mitglied werden<\/p>\n<p>[\/et_pb_text][\/et_pb_column][et_pb_column type=&#8220;1_2&#8243; module_class=&#8220;flex-row-start-center bg-turquoise-dark&#8220; admin_label=&#8220;search for specialists&#8220; _builder_version=&#8220;4.25.1&#8243; _module_preset=&#8220;default&#8220; background_color=&#8220;RGBA(255,255,255,0)&#8220; custom_padding=&#8220;||||false|false&#8220; link_option_url=&#8220;https:\/\/get-your-app.com\/community-nonprofit\/fachpersonensuche\/&#8220; global_colors_info=&#8220;{}&#8220;][et_pb_image src=&#8220;https:\/\/get-your-app.com\/community-nonprofit\/wp-content\/uploads\/2024\/05\/icon-magnifier.svg&#8220; alt=&#8220;Icon magnifier&#8220; admin_label=&#8220;Icon search for experts&#8220; module_class=&#8220;btn-call-to-action-image&#8220; _builder_version=&#8220;4.25.1&#8243; _module_preset=&#8220;default&#8220; width=&#8220;10%&#8220; max_width=&#8220;70px&#8220; custom_margin=&#8220;1.5rem|1.5rem|1.5rem|3rem|false|false&#8220; custom_margin_tablet=&#8220;|||4rem|false|false&#8220; custom_margin_phone=&#8220;|||2.5rem|false|false&#8220; custom_margin_last_edited=&#8220;on|tablet&#8220; global_colors_info=&#8220;{}&#8220;][\/et_pb_image][et_pb_text admin_label=&#8220;Text search for experts&#8220; module_class=&#8220;btn-call-to-action&#8220; _builder_version=&#8220;4.25.1&#8243; _module_preset=&#8220;default&#8220; max_width=&#8220;75%&#8220; min_height=&#8220;2rem&#8220; global_colors_info=&#8220;{}&#8220;]<\/p>\n<p>zur <nobr>Fachpersonensuche<\/nobr><\/p>\n<p>[\/et_pb_text][\/et_pb_column][\/et_pb_row][\/et_pb_section][et_pb_section fb_built=&#8220;1&#8243; _builder_version=&#8220;4.25.1&#8243; _module_preset=&#8220;default&#8220; custom_padding=&#8220;20px||||false|false&#8220; global_colors_info=&#8220;{}&#8220;][et_pb_row column_structure=&#8220;1_4,3_4&#8243; admin_label=&#8220;Blog Roll&#8220; _builder_version=&#8220;4.25.1&#8243; _module_preset=&#8220;default&#8220; global_colors_info=&#8220;{}&#8220;][et_pb_column type=&#8220;1_4&#8243; disabled_on=&#8220;on|on|off&#8220; _builder_version=&#8220;4.25.1&#8243; _module_preset=&#8220;default&#8220; global_colors_info=&#8220;{}&#8220;][et_pb_menu menu_id=&#8220;24&#8243; _builder_version=&#8220;4.26.0&#8243; _module_preset=&#8220;default&#8220; global_colors_info=&#8220;{}&#8220;][\/et_pb_menu][et_pb_code _builder_version=&#8220;4.26.1&#8243; _module_preset=&#8220;default&#8220; locked=&#8220;off&#8220; global_colors_info=&#8220;{}&#8220;]<\/p>\n<style><!-- [et_pb_line_break_holder] -->    header nav ul#top-menu:first-child li:nth-child(6):not(ul.sub-menu li),<!-- [et_pb_line_break_holder] -->  ul#menu-kontakt li:nth-child(3) {<!-- [et_pb_line_break_holder] -->    background-color: var(--blue-light);<!-- [et_pb_line_break_holder] -->    font-family: 'Open Sans Bold',Helvetica,Arial,Lucida,sans-serif;<!-- [et_pb_line_break_holder] -->    font-weight: 600;<!-- [et_pb_line_break_holder] -->  }<!-- [et_pb_line_break_holder] -->  <!-- [et_pb_line_break_holder] -->  ul.sub-menu li:not(.current-menu-item) {<!-- [et_pb_line_break_holder] -->    font-family: 'Open Sans Regular',Helvetica,Arial,Lucida,sans-serif;<!-- [et_pb_line_break_holder] -->    font-weight: 400;<!-- [et_pb_line_break_holder] -->  }<!-- [et_pb_line_break_holder] --><\/style>\n<p><!-- [et_pb_line_break_holder] -->[\/et_pb_code][\/et_pb_column][et_pb_column type=&#8220;3_4&#8243; _builder_version=&#8220;4.25.1&#8243; _module_preset=&#8220;default&#8220; global_colors_info=&#8220;{}&#8220;][et_pb_text admin_label=&#8220;Head %22Aktuelles%22&#8243; module_class=&#8220;category-name&#8220; _builder_version=&#8220;4.26.0&#8243; _module_preset=&#8220;default&#8220; global_colors_info=&#8220;{}&#8220;]<\/p>\n<p>Kontakt<\/p>\n<p>[\/et_pb_text][et_pb_text admin_label=&#8220;Kategorie %22Aktuelle Artikel%22&#8243; module_class=&#8220;category-name&#8220; _builder_version=&#8220;4.26.0&#8243; _module_preset=&#8220;default&#8220; global_colors_info=&#8220;{}&#8220;]<\/p>\n<h1>Haftungsausschluss<\/h1>\n<p>[\/et_pb_text][et_pb_text _builder_version=&#8220;4.26.1&#8243; _module_preset=&#8220;default&#8220; hover_enabled=&#8220;0&#8243; locked=&#8220;off&#8220; global_colors_info=&#8220;{}&#8220; module_class=&#8220;turquoise-dark&#8220; sticky_enabled=&#8220;0&#8243;]<\/p>\n<h3>Inhalte des Onlineangebots<\/h3>\n<p>[\/et_pb_text][et_pb_text _builder_version=&#8220;4.26.0&#8243; _module_preset=&#8220;default&#8220; global_colors_info=&#8220;{}&#8220;]<\/p>\n<p>Wir sind stets bem\u00fcht, qualitativ hochwertige Informationen zur Verf\u00fcgung zu stellen. Dennoch \u00fcbernehmen wir keinerlei Gew\u00e4hr f\u00fcr die Aktualit\u00e4t, Korrektheit, Vollst\u00e4ndigkeit, Qualit\u00e4t oder Verf\u00fcgbarkeit der bereitgestellten Informationen.<\/p>\n<p>[\/et_pb_text][et_pb_text _builder_version=&#8220;4.26.1&#8243; _module_preset=&#8220;default&#8220; hover_enabled=&#8220;0&#8243; locked=&#8220;off&#8220; global_colors_info=&#8220;{}&#8220; module_class=&#8220;turquoise-dark&#8220; sticky_enabled=&#8220;0&#8243;]<\/p>\n<h3>Haftung<\/h3>\n<p>[\/et_pb_text][et_pb_text _builder_version=&#8220;4.26.0&#8243; _module_preset=&#8220;default&#8220; global_colors_info=&#8220;{}&#8220;]<\/p>\n<p>Haftungsanspr\u00fcche gegen die Betreiber der Website, die sich auf Sch\u00e4den materieller oder ideeller Natur beziehen, die durch die &gt; Nutzung oder Nichtnutzung der dargebotenen Informationen bzw. durch die Nutzung fehlerhafter und unvollst\u00e4ndiger Informationen verursacht wurden, sind grunds\u00e4tzlich ausgeschlossen, sofern seitens des Betreibers kein nachweislich vors\u00e4tzliches oder grob fahrl\u00e4ssiges Verschulden vorliegt. Alle Angebote sind freibleibend und unverbindlich.<\/p>\n<p>[\/et_pb_text][et_pb_text _builder_version=&#8220;4.26.1&#8243; _module_preset=&#8220;default&#8220; hover_enabled=&#8220;0&#8243; locked=&#8220;off&#8220; global_colors_info=&#8220;{}&#8220; module_class=&#8220;turquoise-dark&#8220; sticky_enabled=&#8220;0&#8243;]<\/p>\n<h3>Vorbehalt<\/h3>\n<p>[\/et_pb_text][et_pb_text _builder_version=&#8220;4.26.0&#8243; _module_preset=&#8220;default&#8220; global_colors_info=&#8220;{}&#8220;]<\/p>\n<p>Wir behalten es ausdr\u00fccklich vor, Teile der Seiten oder das gesamte Angebot ohne gesonderte Ank\u00fcndigung zu ver\u00e4ndern, zu erg\u00e4nzen, zu l\u00f6schen oder die Ver\u00f6ffentlichung zeitweise oder endg\u00fcltig einzustellen.<\/p>\n<p>[\/et_pb_text][\/et_pb_column][\/et_pb_row][\/et_pb_section]<\/p>\n","protected":false},"excerpt":{"rendered":"<p>Jetzt Mitglied werdenzur FachpersonensucheKontaktHaftungsausschlussInhalte des OnlineangebotsWir sind stets bem\u00fcht, qualitativ hochwertige Informationen zur Verf\u00fcgung zu stellen. Dennoch \u00fcbernehmen wir keinerlei Gew\u00e4hr f\u00fcr die Aktualit\u00e4t, Korrektheit, Vollst\u00e4ndigkeit, Qualit\u00e4t oder Verf\u00fcgbarkeit der bereitgestellten Informationen.HaftungHaftungsanspr\u00fcche gegen die Betreiber der Website, die sich auf Sch\u00e4den materieller oder ideeller Natur beziehen, die durch die &gt; Nutzung oder Nichtnutzung der dargebotenen [&hellip;]<\/p>\n","protected":false},"author":1,"featured_media":0,"parent":1050,"menu_order":0,"comment_status":"closed","ping_status":"closed","template":"","meta":{"_et_pb_use_builder":"on","_et_pb_old_content":"","_et_gb_content_width":"","footnotes":"","_links_to":"","_links_to_target":""},"class_list":["post-1445","page","type-page","status-publish","hentry"],"_links":{"self":[{"href":"https:\/\/get-your-app.com\/community-nonprofit\/wp-json\/wp\/v2\/pages\/1445","targetHints":{"allow":["GET"]}}],"collection":[{"href":"https:\/\/get-your-app.com\/community-nonprofit\/wp-json\/wp\/v2\/pages"}],"about":[{"href":"https:\/\/get-your-app.com\/community-nonprofit\/wp-json\/wp\/v2\/types\/page"}],"author":[{"embeddable":true,"href":"https:\/\/get-your-app.com\/community-nonprofit\/wp-json\/wp\/v2\/users\/1"}],"replies":[{"embeddable":true,"href":"https:\/\/get-your-app.com\/community-nonprofit\/wp-json\/wp\/v2\/comments?post=1445"}],"version-history":[{"count":9,"href":"https:\/\/get-your-app.com\/community-nonprofit\/wp-json\/wp\/v2\/pages\/1445\/revisions"}],"predecessor-version":[{"id":2223,"href":"https:\/\/get-your-app.com\/community-nonprofit\/wp-json\/wp\/v2\/pages\/1445\/revisions\/2223"}],"up":[{"embeddable":true,"href":"https:\/\/get-your-app.com\/community-nonprofit\/wp-json\/wp\/v2\/pages\/1050"}],"wp:attachment":[{"href":"https:\/\/get-your-app.com\/community-nonprofit\/wp-json\/wp\/v2\/media?parent=1445"}],"curies":[{"name":"wp","href":"https:\/\/api.w.org\/{rel}","templated":true}]}}