{"id":1418,"date":"2024-07-09T11:27:10","date_gmt":"2024-07-09T09:27:10","guid":{"rendered":"https:\/\/get-your-app.com\/community-nonprofit\/?page_id=1418"},"modified":"2025-03-05T09:39:43","modified_gmt":"2025-03-05T08:39:43","slug":"mitglied-werden","status":"publish","type":"page","link":"https:\/\/get-your-app.com\/community-nonprofit\/ueber-uns\/mitglied-werden\/","title":{"rendered":"Mitglied werden"},"content":{"rendered":"<p>[et_pb_section fb_built=&#8220;1&#8243; custom_padding_last_edited=&#8220;on|tablet&#8220; admin_label=&#8220;Call to action buttons&#8220; module_id=&#8220;section-buttons-mitgliedwerden-fachpersonensuche&#8220; _builder_version=&#8220;4.26.1&#8243; _module_preset=&#8220;default&#8220; custom_margin=&#8220;||||false|false&#8220; custom_margin_tablet=&#8220;||||false|false&#8220; custom_margin_phone=&#8220;||||false|false&#8220; custom_margin_last_edited=&#8220;on|phone&#8220; custom_padding=&#8220;0px||0px||false|false&#8220; custom_padding_tablet=&#8220;0px||0px||false|false&#8220; custom_padding_phone=&#8220;0px||0px||false|false&#8220; global_module=&#8220;1057&#8243; locked=&#8220;off&#8220; global_colors_info=&#8220;{}&#8220;][et_pb_row column_structure=&#8220;1_2,1_2&#8243; use_custom_gutter=&#8220;on&#8220; gutter_width=&#8220;1&#8243; make_equal=&#8220;on&#8220; admin_label=&#8220;2 call to action buttons&#8220; module_id=&#8220;btn-become-member-specialist-search&#8220; _builder_version=&#8220;4.26.1&#8243; _module_preset=&#8220;default&#8220; width=&#8220;auto&#8220; max_width=&#8220;none&#8220; min_height=&#8220;15vh&#8220; min_height_tablet=&#8220;30vh&#8220; min_height_phone=&#8220;20vh&#8220; min_height_last_edited=&#8220;on|tablet&#8220; height=&#8220;15vh&#8220; height_tablet=&#8220;30vh&#8220; height_phone=&#8220;20vh&#8220; height_last_edited=&#8220;on|desktop&#8220; max_height=&#8220;15vh&#8220; max_height_tablet=&#8220;30vh&#8220; max_height_phone=&#8220;20vh&#8220; max_height_last_edited=&#8220;on|desktop&#8220; custom_margin_tablet=&#8220;||||false|false&#8220; custom_margin_phone=&#8220;||||false|false&#8220; custom_margin_last_edited=&#8220;on|phone&#8220; custom_padding=&#8220;0px||0px||false|false&#8220; global_colors_info=&#8220;{}&#8220;][et_pb_column type=&#8220;1_2&#8243; module_class=&#8220;flex-row-end-center bg-turquoise-norm&#8220; admin_label=&#8220;become a member&#8220; _builder_version=&#8220;4.26.1&#8243; _module_preset=&#8220;default&#8220; background_color=&#8220;RGBA(255,255,255,0)&#8220; custom_padding=&#8220;||||false|false&#8220; link_option_url=&#8220;https:\/\/get-your-app.com\/community-nonprofit\/mitgliedsantrag\/&#8220; global_colors_info=&#8220;{}&#8220;][et_pb_image src=&#8220;https:\/\/get-your-app.com\/community-nonprofit\/wp-content\/uploads\/2024\/05\/icon-members.svg&#8220; alt=&#8220;Icon members&#8220; admin_label=&#8220;Icon join members&#8220; module_class=&#8220;btn-call-to-action-image&#8220; _builder_version=&#8220;4.25.1&#8243; _module_preset=&#8220;default&#8220; width=&#8220;10%&#8220; max_width=&#8220;70px&#8220; custom_margin=&#8220;1.5rem|1.5rem|1.5rem|1.5rem|false|false&#8220; custom_margin_tablet=&#8220;1.5rem|1.5rem|1.5rem|4rem|false|false&#8220; custom_margin_phone=&#8220;1.5rem|1.5rem|1.5rem|2.5rem|false|false&#8220; custom_margin_last_edited=&#8220;on|tablet&#8220; global_colors_info=&#8220;{}&#8220;][\/et_pb_image][et_pb_text admin_label=&#8220;Text join members&#8220; module_class=&#8220;btn-call-to-action&#8220; _builder_version=&#8220;4.26.1&#8243; _module_preset=&#8220;default&#8220; max_width=&#8220;75%&#8220; min_height=&#8220;2rem&#8220; custom_margin=&#8220;|3rem|||false|false&#8220; custom_padding=&#8220;||||false|false&#8220; global_colors_info=&#8220;{}&#8220;]Jetzt Mitglied <nobr>werden<\/nobr>[\/et_pb_text][\/et_pb_column][et_pb_column type=&#8220;1_2&#8243; module_class=&#8220;flex-row-start-center bg-turquoise-dark&#8220; admin_label=&#8220;search for specialists&#8220; _builder_version=&#8220;4.26.1&#8243; _module_preset=&#8220;default&#8220; background_color=&#8220;RGBA(255,255,255,0)&#8220; custom_padding=&#8220;||||false|false&#8220; link_option_url=&#8220;https:\/\/get-your-app.com\/community-nonprofit\/fachpersonensuche\/&#8220; global_colors_info=&#8220;{}&#8220;][et_pb_image src=&#8220;https:\/\/get-your-app.com\/community-nonprofit\/wp-content\/uploads\/2024\/05\/icon-magnifier.svg&#8220; alt=&#8220;Icon magnifier&#8220; admin_label=&#8220;Icon search for experts&#8220; module_class=&#8220;btn-call-to-action-image&#8220; _builder_version=&#8220;4.25.1&#8243; _module_preset=&#8220;default&#8220; width=&#8220;10%&#8220; max_width=&#8220;70px&#8220; custom_margin=&#8220;1.5rem|1.5rem|1.5rem|3rem|false|false&#8220; custom_margin_tablet=&#8220;|||4rem|false|false&#8220; custom_margin_phone=&#8220;|||2.5rem|false|false&#8220; custom_margin_last_edited=&#8220;on|tablet&#8220; global_colors_info=&#8220;{}&#8220;][\/et_pb_image][et_pb_text admin_label=&#8220;Text search for experts&#8220; module_class=&#8220;btn-call-to-action&#8220; _builder_version=&#8220;4.25.1&#8243; _module_preset=&#8220;default&#8220; max_width=&#8220;75%&#8220; min_height=&#8220;2rem&#8220; global_colors_info=&#8220;{}&#8220;]<\/p>\n<p>zur <nobr>Fachpersonensuche<\/nobr><\/p>\n<p>[\/et_pb_text][\/et_pb_column][\/et_pb_row][\/et_pb_section][et_pb_section fb_built=&#8220;1&#8243; _builder_version=&#8220;4.25.1&#8243; _module_preset=&#8220;default&#8220; custom_padding=&#8220;20px||||false|false&#8220; global_colors_info=&#8220;{}&#8220;][et_pb_row column_structure=&#8220;1_4,3_4&#8243; admin_label=&#8220;Blog Roll&#8220; _builder_version=&#8220;4.26.0&#8243; _module_preset=&#8220;default&#8220; global_colors_info=&#8220;{}&#8220;][et_pb_column type=&#8220;1_4&#8243; disabled_on=&#8220;on|on|off&#8220; _builder_version=&#8220;4.25.1&#8243; _module_preset=&#8220;default&#8220; global_colors_info=&#8220;{}&#8220;][et_pb_menu menu_id=&#8220;17&#8243; module_class=&#8220;menu-sidebar&#8220; _builder_version=&#8220;4.26.0&#8243; _module_preset=&#8220;default&#8220; global_colors_info=&#8220;{}&#8220;][\/et_pb_menu][et_pb_code _builder_version=&#8220;4.26.1&#8243; _module_preset=&#8220;default&#8220; global_colors_info=&#8220;{}&#8220;]<\/p>\n<style><!-- [et_pb_line_break_holder] -->    header nav ul#top-menu:first-child li:nth-child(4):not(ul.sub-menu li),<!-- [et_pb_line_break_holder] -->  ul#menu-ueber-uns li:nth-child(2) {<!-- [et_pb_line_break_holder] -->    background-color: var(--blue-light);<!-- [et_pb_line_break_holder] -->    font-family: 'Open Sans Bold',Helvetica,Arial,Lucida,sans-serif;<!-- [et_pb_line_break_holder] -->    font-weight: 600;<!-- [et_pb_line_break_holder] -->  }<!-- [et_pb_line_break_holder] -->  <!-- [et_pb_line_break_holder] -->  ul.sub-menu li:not(.current-menu-item) {<!-- [et_pb_line_break_holder] -->    font-family: 'Open Sans Regular',Helvetica,Arial,Lucida,sans-serif;<!-- [et_pb_line_break_holder] -->    font-weight: 400;<!-- [et_pb_line_break_holder] -->  }<!-- [et_pb_line_break_holder] --><\/style>\n<p><!-- [et_pb_line_break_holder] -->[\/et_pb_code][\/et_pb_column][et_pb_column type=&#8220;3_4&#8243; _builder_version=&#8220;4.25.1&#8243; _module_preset=&#8220;default&#8220; global_colors_info=&#8220;{}&#8220;][et_pb_text admin_label=&#8220;Head %22Aktuelles%22&#8243; module_class=&#8220;category-name&#8220; _builder_version=&#8220;4.26.0&#8243; _module_preset=&#8220;default&#8220; global_colors_info=&#8220;{}&#8220;]<\/p>\n<p>\u00dcber uns<\/p>\n<p>[\/et_pb_text][et_pb_text admin_label=&#8220;Kategorie %22Aktuelle Artikel%22&#8243; module_class=&#8220;category-name&#8220; _builder_version=&#8220;4.26.0&#8243; _module_preset=&#8220;default&#8220; global_colors_info=&#8220;{}&#8220;]<\/p>\n<h1>Werden Sie Teil unserer Fachgesellschaft<\/h1>\n<p>[\/et_pb_text][et_pb_text _builder_version=&#8220;4.26.1&#8243; _module_preset=&#8220;default&#8220; global_colors_info=&#8220;{}&#8220;]<strong>Wir freuen uns \u00fcber Ihr Interesse an einer Mitgliedschaft bei der Schweizerischen Fachgesellschaft ADHS. Untenstehend finden Sie zusammengefasst die wichtigsten Vorteile einer Mitgliedschaft.<\/strong>[\/et_pb_text][et_pb_text _builder_version=&#8220;4.26.1&#8243; _module_preset=&#8220;default&#8220; global_colors_info=&#8220;{}&#8220;]<\/p>\n<p>Wenn Sie eine Fachperson mit Spezialisierung f\u00fcr ADHS sind, k\u00f6nnen Sie nach Eingabe Ihrer E-Mail Adresse \u00fcber unten stehenden Button einen Antrag zur Mitgliedschaft stellen.<\/p>\n<p>[\/et_pb_text][et_pb_text _builder_version=&#8220;4.26.0&#8243; _module_preset=&#8220;default&#8220; global_colors_info=&#8220;{}&#8220;]<\/p>\n<p>Alles \u00fcber unsere Jahresbeitr\u00e4ge f\u00fcr eine Einzelmitgliedschaft, Kliniken oder Kollektive k\u00f6nnen Sie unter dem Men\u00fcpunkt auf der linken Seite \u201cMitgliedschaft und Beitr\u00e4ge\u201d nachlesen. Weitere Informationen rund um die Mitgliedschaft, unseren Jahresbericht, den Anmeldeprozess und mehr finden Sie ebenfalls unter den anderen Men\u00fcpunkten.<\/p>\n<p>[\/et_pb_text][et_pb_text _builder_version=&#8220;4.26.1&#8243; _module_preset=&#8220;default&#8220; global_colors_info=&#8220;{}&#8220;]<\/p>\n<p><strong>Vier gute Gr\u00fcnde, um Mitglied zu werden:<\/strong><\/p>\n<p>[\/et_pb_text][et_pb_toggle title=&#8220;Zugang zum Expertenwissen&#8220; icon_color=&#8220;#000000&#8243; toggle_icon=&#8220;&#x35;||divi||400&#8243; open_icon_color=&#8220;#000000&#8243; open_toggle_icon=&#8220;&#x33;||divi||400&#8243; module_class=&#8220;persona-sfg-director&#8220; _builder_version=&#8220;4.26.1&#8243; _module_preset=&#8220;default&#8220; custom_margin=&#8220;||0px||false|false&#8220; hover_enabled=&#8220;0&#8243; border_width_top=&#8220;2px&#8220; border_color_top=&#8220;#000000&#8243; border_width_right=&#8220;0px&#8220; border_color_bottom=&#8220;#000000&#8243; border_width_left=&#8220;0px&#8220; locked=&#8220;off&#8220; global_colors_info=&#8220;{}&#8220; sticky_enabled=&#8220;0&#8243;]<\/p>\n<p>Als Mitglied der Schweizerischen Fachgesellschaft f\u00fcr ADHS erhalten Sie exklusiven Zugang zu Fachexperten, Forschungsergebnissen und aktuellen Entwicklungen im Bereich der <span>Aufmerksamkeitsdefizit-\/Hyperaktivit\u00e4tsst\u00f6rung (ADHS)<\/span>. Sie haben die M\u00f6glichkeit, fundierte Informationen \u00fcber Behandlungsm\u00f6glichkeiten, Therapien und bew\u00e4hrte Praktiken zu erhalten.<\/p>\n<p>[\/et_pb_toggle][et_pb_toggle title=&#8220;Eintrag in der Fachpersonensuche&#8220; icon_color=&#8220;#000000&#8243; toggle_icon=&#8220;&#x35;||divi||400&#8243; open_icon_color=&#8220;#000000&#8243; open_toggle_icon=&#8220;&#x33;||divi||400&#8243; module_class=&#8220;persona-sfg-director&#8220; _builder_version=&#8220;4.26.1&#8243; _module_preset=&#8220;default&#8220; custom_margin=&#8220;||0px||false|false&#8220; border_color_top=&#8220;#000000&#8243; border_width_right=&#8220;0px&#8220; border_color_bottom=&#8220;#000000&#8243; border_width_left=&#8220;0px&#8220; locked=&#8220;off&#8220; global_colors_info=&#8220;{}&#8220;]Als Teil unseres Netzwerks von Fachexperten erhalten Sie die M\u00f6glichkeit, in unsere Fachpersonensuche aufgenommen zu werden. Nutzen Sie unsere Plattform, um Ihre Expertise mit anderen Mitgliedern zu teilen und Ihre Erfahrungen auszutauschen. Dank Ihrer Unterst\u00fctzung und der aktiven Teilnahme an unserem Netzwerk k\u00f6nnen sowohl Betroffene als auch andere Fachleute profitieren.[\/et_pb_toggle][et_pb_toggle title=&#8220;Engagement f\u00fcr die Fachgesellschaft&#8220; icon_color=&#8220;#000000&#8243; toggle_icon=&#8220;&#x35;||divi||400&#8243; open_icon_color=&#8220;#000000&#8243; open_toggle_icon=&#8220;&#x33;||divi||400&#8243; module_class=&#8220;persona-sfg-director&#8220; _builder_version=&#8220;4.26.1&#8243; _module_preset=&#8220;default&#8220; custom_margin=&#8220;||0px||false|false&#8220; border_color_top=&#8220;#000000&#8243; border_width_right=&#8220;0px&#8220; border_color_bottom=&#8220;#000000&#8243; border_width_left=&#8220;0px&#8220; locked=&#8220;off&#8220; global_colors_info=&#8220;{}&#8220;]<\/p>\n<p>Durch Ihre Mitgliedschaft bei der SFG ADHS k\u00f6nnen Sie aktiv dazu beitragen, das Verst\u00e4ndnis f\u00fcr ADHS zu f\u00f6rdern, Stigmatisierung abzubauen und die Lebensqualit\u00e4t von Betroffenen zu verbessern. Sie haben die M\u00f6glichkeit, sich f\u00fcr die Bed\u00fcrfnisse von Menschen mit ADHS einzusetzen. Ihre Mitgliedschaft erm\u00f6glicht es Ihnen, einen positiven Beitrag zur Gemeinschaft zu leisten und Ver\u00e4nderungen herbeizuf\u00fchren.<\/p>\n<p>[\/et_pb_toggle][et_pb_toggle title=&#8220;Exklusiver Newsletter f\u00fcr unsere Mitglieder&#8220; icon_color=&#8220;#000000&#8243; toggle_icon=&#8220;&#x35;||divi||400&#8243; open_icon_color=&#8220;#000000&#8243; open_toggle_icon=&#8220;&#x33;||divi||400&#8243; module_class=&#8220;persona-sfg-director&#8220; _builder_version=&#8220;4.26.1&#8243; _module_preset=&#8220;default&#8220; custom_margin=&#8220;||0px||false|false&#8220; border_color_top=&#8220;#000000&#8243; border_width_right=&#8220;0px&#8220; border_width_bottom=&#8220;2px&#8220; border_color_bottom=&#8220;#000000&#8243; border_width_left=&#8220;0px&#8220; locked=&#8220;off&#8220; global_colors_info=&#8220;{}&#8220;]<\/p>\n<p>Ausserdem erhalten Sie zweimal im Jahr den Newsletter unserer Fachgesellschaft \u2013 exklusiv nur f\u00fcr unsere Mitglieder. Der Newsletter informiert Sie \u00fcber aktuelle Themen rund um ADHS.<\/p>\n<p>[\/et_pb_toggle][et_pb_text _builder_version=&#8220;4.26.1&#8243; _module_preset=&#8220;default&#8220; custom_margin=&#8220;4rem||||false|false&#8220; global_colors_info=&#8220;{}&#8220;]Bei Klick auf unten stehenden Button gelangen Sie zum Antragsformular auf Mitgliedschaft in unserer Fachgesellschaft.[\/et_pb_text][et_pb_button button_url=&#8220;https:\/\/get-your-app.com\/community-nonprofit\/mitgliedsantrag\/&#8220; button_text=&#8220;Antrag auf Mitgliedschaft stellen&#8220; module_class=&#8220;btn-cta&#8220; _builder_version=&#8220;4.26.1&#8243; _module_preset=&#8220;default&#8220; custom_button=&#8220;on&#8220; button_text_size=&#8220;1.3rem&#8220; button_text_color=&#8220;#FFFFFF&#8220; button_bg_color=&#8220;#00aac3&#8243; button_border_width=&#8220;0px&#8220; button_border_color=&#8220;#00aac3&#8243; button_border_radius=&#8220;0px&#8220; button_use_icon=&#8220;off&#8220; custom_padding=&#8220;1.5rem|2rem|1.5rem|2rem|false|false&#8220; global_colors_info=&#8220;{}&#8220; button_bg_color__hover_enabled=&#8220;on|hover&#8220; button_bg_color__hover=&#8220;#22cce4&#8243; button_bg_enable_color__hover=&#8220;on&#8220; button_border_color__hover_enabled=&#8220;on|hover&#8220; button_border_color__hover=&#8220;#00aac3&#8243;][\/et_pb_button][\/et_pb_column][\/et_pb_row][\/et_pb_section]<\/p>\n","protected":false},"excerpt":{"rendered":"<p>Jetzt Mitglied werdenzur Fachpersonensuche\u00dcber unsWerden Sie Teil unserer FachgesellschaftWir freuen uns \u00fcber Ihr Interesse an einer Mitgliedschaft bei der Schweizerischen Fachgesellschaft ADHS. Untenstehend finden Sie zusammengefasst die wichtigsten Vorteile einer Mitgliedschaft.Wenn Sie eine Fachperson mit Spezialisierung f\u00fcr ADHS sind, k\u00f6nnen Sie nach Eingabe Ihrer E-Mail Adresse \u00fcber unten stehenden Button einen Antrag zur Mitgliedschaft stellen.Alles [&hellip;]<\/p>\n","protected":false},"author":1,"featured_media":0,"parent":982,"menu_order":0,"comment_status":"closed","ping_status":"closed","template":"","meta":{"_et_pb_use_builder":"on","_et_pb_old_content":"","_et_gb_content_width":"","footnotes":"","_links_to":"","_links_to_target":""},"class_list":["post-1418","page","type-page","status-publish","hentry"],"_links":{"self":[{"href":"https:\/\/get-your-app.com\/community-nonprofit\/wp-json\/wp\/v2\/pages\/1418","targetHints":{"allow":["GET"]}}],"collection":[{"href":"https:\/\/get-your-app.com\/community-nonprofit\/wp-json\/wp\/v2\/pages"}],"about":[{"href":"https:\/\/get-your-app.com\/community-nonprofit\/wp-json\/wp\/v2\/types\/page"}],"author":[{"embeddable":true,"href":"https:\/\/get-your-app.com\/community-nonprofit\/wp-json\/wp\/v2\/users\/1"}],"replies":[{"embeddable":true,"href":"https:\/\/get-your-app.com\/community-nonprofit\/wp-json\/wp\/v2\/comments?post=1418"}],"version-history":[{"count":29,"href":"https:\/\/get-your-app.com\/community-nonprofit\/wp-json\/wp\/v2\/pages\/1418\/revisions"}],"predecessor-version":[{"id":3038,"href":"https:\/\/get-your-app.com\/community-nonprofit\/wp-json\/wp\/v2\/pages\/1418\/revisions\/3038"}],"up":[{"embeddable":true,"href":"https:\/\/get-your-app.com\/community-nonprofit\/wp-json\/wp\/v2\/pages\/982"}],"wp:attachment":[{"href":"https:\/\/get-your-app.com\/community-nonprofit\/wp-json\/wp\/v2\/media?parent=1418"}],"curies":[{"name":"wp","href":"https:\/\/api.w.org\/{rel}","templated":true}]}}