{"id":1360,"date":"2024-07-08T16:00:21","date_gmt":"2024-07-08T14:00:21","guid":{"rendered":"https:\/\/get-your-app.com\/community-nonprofit\/?page_id=1360"},"modified":"2025-03-05T09:40:57","modified_gmt":"2025-03-05T08:40:57","slug":"adhs-fachinformationen","status":"publish","type":"page","link":"https:\/\/get-your-app.com\/community-nonprofit\/adhs\/adhs-fachinformationen\/","title":{"rendered":"ADHS FachInformationen"},"content":{"rendered":"<p>[et_pb_section fb_built=&#8220;1&#8243; custom_padding_last_edited=&#8220;on|tablet&#8220; admin_label=&#8220;Call to action buttons&#8220; module_id=&#8220;section-buttons-mitgliedwerden-fachpersonensuche&#8220; _builder_version=&#8220;4.26.1&#8243; _module_preset=&#8220;default&#8220; custom_margin=&#8220;||||false|false&#8220; custom_margin_tablet=&#8220;||||false|false&#8220; custom_margin_phone=&#8220;||||false|false&#8220; custom_margin_last_edited=&#8220;on|phone&#8220; custom_padding=&#8220;0px||0px||false|false&#8220; custom_padding_tablet=&#8220;0px||0px||false|false&#8220; custom_padding_phone=&#8220;0px||0px||false|false&#8220; global_module=&#8220;1057&#8243; locked=&#8220;off&#8220; global_colors_info=&#8220;{}&#8220;][et_pb_row column_structure=&#8220;1_2,1_2&#8243; use_custom_gutter=&#8220;on&#8220; gutter_width=&#8220;1&#8243; make_equal=&#8220;on&#8220; admin_label=&#8220;2 call to action buttons&#8220; module_id=&#8220;btn-become-member-specialist-search&#8220; _builder_version=&#8220;4.26.1&#8243; _module_preset=&#8220;default&#8220; width=&#8220;auto&#8220; max_width=&#8220;none&#8220; min_height=&#8220;15vh&#8220; min_height_tablet=&#8220;30vh&#8220; min_height_phone=&#8220;20vh&#8220; min_height_last_edited=&#8220;on|tablet&#8220; height=&#8220;15vh&#8220; height_tablet=&#8220;30vh&#8220; height_phone=&#8220;20vh&#8220; height_last_edited=&#8220;on|desktop&#8220; max_height=&#8220;15vh&#8220; max_height_tablet=&#8220;30vh&#8220; max_height_phone=&#8220;20vh&#8220; max_height_last_edited=&#8220;on|desktop&#8220; custom_margin_tablet=&#8220;||||false|false&#8220; custom_margin_phone=&#8220;||||false|false&#8220; custom_margin_last_edited=&#8220;on|phone&#8220; custom_padding=&#8220;0px||0px||false|false&#8220; global_colors_info=&#8220;{}&#8220;][et_pb_column type=&#8220;1_2&#8243; module_class=&#8220;flex-row-end-center bg-turquoise-norm&#8220; admin_label=&#8220;become a member&#8220; _builder_version=&#8220;4.26.1&#8243; _module_preset=&#8220;default&#8220; background_color=&#8220;RGBA(255,255,255,0)&#8220; custom_padding=&#8220;||||false|false&#8220; link_option_url=&#8220;https:\/\/get-your-app.com\/community-nonprofit\/mitgliedsantrag\/&#8220; global_colors_info=&#8220;{}&#8220;][et_pb_image src=&#8220;https:\/\/get-your-app.com\/community-nonprofit\/wp-content\/uploads\/2024\/05\/icon-members.svg&#8220; alt=&#8220;Icon members&#8220; admin_label=&#8220;Icon join members&#8220; module_class=&#8220;btn-call-to-action-image&#8220; _builder_version=&#8220;4.25.1&#8243; _module_preset=&#8220;default&#8220; width=&#8220;10%&#8220; max_width=&#8220;70px&#8220; custom_margin=&#8220;1.5rem|1.5rem|1.5rem|1.5rem|false|false&#8220; custom_margin_tablet=&#8220;1.5rem|1.5rem|1.5rem|4rem|false|false&#8220; custom_margin_phone=&#8220;1.5rem|1.5rem|1.5rem|2.5rem|false|false&#8220; custom_margin_last_edited=&#8220;on|tablet&#8220; global_colors_info=&#8220;{}&#8220;][\/et_pb_image][et_pb_text admin_label=&#8220;Text join members&#8220; module_class=&#8220;btn-call-to-action&#8220; _builder_version=&#8220;4.26.1&#8243; _module_preset=&#8220;default&#8220; max_width=&#8220;75%&#8220; min_height=&#8220;2rem&#8220; custom_margin=&#8220;|3rem|||false|false&#8220; custom_padding=&#8220;||||false|false&#8220; global_colors_info=&#8220;{}&#8220;]Jetzt Mitglied <nobr>werden<\/nobr>[\/et_pb_text][\/et_pb_column][et_pb_column type=&#8220;1_2&#8243; module_class=&#8220;flex-row-start-center bg-turquoise-dark&#8220; admin_label=&#8220;search for specialists&#8220; _builder_version=&#8220;4.26.1&#8243; _module_preset=&#8220;default&#8220; background_color=&#8220;RGBA(255,255,255,0)&#8220; custom_padding=&#8220;||||false|false&#8220; link_option_url=&#8220;https:\/\/get-your-app.com\/community-nonprofit\/fachpersonensuche\/&#8220; global_colors_info=&#8220;{}&#8220;][et_pb_image src=&#8220;https:\/\/get-your-app.com\/community-nonprofit\/wp-content\/uploads\/2024\/05\/icon-magnifier.svg&#8220; alt=&#8220;Icon magnifier&#8220; admin_label=&#8220;Icon search for experts&#8220; module_class=&#8220;btn-call-to-action-image&#8220; _builder_version=&#8220;4.25.1&#8243; _module_preset=&#8220;default&#8220; width=&#8220;10%&#8220; max_width=&#8220;70px&#8220; custom_margin=&#8220;1.5rem|1.5rem|1.5rem|3rem|false|false&#8220; custom_margin_tablet=&#8220;|||4rem|false|false&#8220; custom_margin_phone=&#8220;|||2.5rem|false|false&#8220; custom_margin_last_edited=&#8220;on|tablet&#8220; global_colors_info=&#8220;{}&#8220;][\/et_pb_image][et_pb_text admin_label=&#8220;Text search for experts&#8220; module_class=&#8220;btn-call-to-action&#8220; _builder_version=&#8220;4.25.1&#8243; _module_preset=&#8220;default&#8220; max_width=&#8220;75%&#8220; min_height=&#8220;2rem&#8220; global_colors_info=&#8220;{}&#8220;]<\/p>\n<p>zur <nobr>Fachpersonensuche<\/nobr><\/p>\n<p>[\/et_pb_text][\/et_pb_column][\/et_pb_row][\/et_pb_section][et_pb_section fb_built=&#8220;1&#8243; _builder_version=&#8220;4.25.1&#8243; _module_preset=&#8220;default&#8220; custom_padding=&#8220;20px||||false|false&#8220; global_colors_info=&#8220;{}&#8220;][et_pb_row column_structure=&#8220;1_4,3_4&#8243; admin_label=&#8220;Blog Roll&#8220; _builder_version=&#8220;4.25.1&#8243; _module_preset=&#8220;default&#8220; global_colors_info=&#8220;{}&#8220;][et_pb_column type=&#8220;1_4&#8243; disabled_on=&#8220;on|on|off&#8220; _builder_version=&#8220;4.25.1&#8243; _module_preset=&#8220;default&#8220; global_colors_info=&#8220;{}&#8220;][et_pb_menu menu_id=&#8220;51&#8243; _builder_version=&#8220;4.26.0&#8243; _module_preset=&#8220;default&#8220; global_colors_info=&#8220;{}&#8220;][\/et_pb_menu][et_pb_code _builder_version=&#8220;4.26.1&#8243; _module_preset=&#8220;default&#8220; global_colors_info=&#8220;{}&#8220;]<\/p>\n<style><!-- [et_pb_line_break_holder] -->    header nav ul#top-menu:first-child li:nth-child(3):not(ul.sub-menu li),<!-- [et_pb_line_break_holder] -->  ul#menu-adhs-fachinformationen li:nth-child(1) {<!-- [et_pb_line_break_holder] -->    background-color: var(--blue-light);<!-- [et_pb_line_break_holder] -->    font-family: 'Open Sans Bold',Helvetica,Arial,Lucida,sans-serif;<!-- [et_pb_line_break_holder] -->    font-weight: 600;<!-- [et_pb_line_break_holder] -->  }<!-- [et_pb_line_break_holder] -->  <!-- [et_pb_line_break_holder] -->  ul.sub-menu li:not(.current-menu-item) {<!-- [et_pb_line_break_holder] -->    font-family: 'Open Sans Regular',Helvetica,Arial,Lucida,sans-serif;<!-- [et_pb_line_break_holder] -->    font-weight: 400;<!-- [et_pb_line_break_holder] -->  }<!-- [et_pb_line_break_holder] -->  <!-- [et_pb_line_break_holder] -->  .et_pb_menu--without-logo .et_pb_menu__menu>nav>ul>li {<!-- [et_pb_line_break_holder] -->    margin-top: 0;<!-- [et_pb_line_break_holder] -->}<!-- [et_pb_line_break_holder] --><\/style>\n<p><!-- [et_pb_line_break_holder] -->[\/et_pb_code][\/et_pb_column][et_pb_column type=&#8220;3_4&#8243; _builder_version=&#8220;4.25.1&#8243; _module_preset=&#8220;default&#8220; global_colors_info=&#8220;{}&#8220;][et_pb_text admin_label=&#8220;Head %22Aktuelles%22&#8243; module_class=&#8220;category-name&#8220; _builder_version=&#8220;4.26.1&#8243; _module_preset=&#8220;default&#8220; locked=&#8220;off&#8220; global_colors_info=&#8220;{}&#8220;]<\/p>\n<p>ADHS<\/p>\n<p>[\/et_pb_text][et_pb_text admin_label=&#8220;Kategorie %22Aktuelle Artikel%22&#8243; module_class=&#8220;category-name&#8220; _builder_version=&#8220;4.26.0&#8243; _module_preset=&#8220;default&#8220; global_colors_info=&#8220;{}&#8220;]<\/p>\n<h1><span>Was ist ADHS?<\/span><\/h1>\n<p>[\/et_pb_text][et_pb_text _builder_version=&#8220;4.26.1&#8243; _module_preset=&#8220;default&#8220; hover_enabled=&#8220;0&#8243; global_colors_info=&#8220;{}&#8220; sticky_enabled=&#8220;0&#8243;]<\/p>\n<p>Die Aufmerksamkeitsdefizit-\/Hyperaktivit\u00e4tsst\u00f6rung (ADHS) ist eine Entwicklungsst\u00f6rung, die typischerweise in der Kindheit auftritt und bis ins Erwachsenenalter andauert.<\/p>\n<p>[\/et_pb_text][et_pb_text module_class=&#8220;turquoise-dark&#8220; _builder_version=&#8220;4.26.1&#8243; _module_preset=&#8220;default&#8220; global_colors_info=&#8220;{}&#8220;]<\/p>\n<h3>Hauptsymptome<\/h3>\n<p>[\/et_pb_text][et_pb_text _builder_version=&#8220;4.26.0&#8243; _module_preset=&#8220;default&#8220; global_colors_info=&#8220;{}&#8220;]<\/p>\n<p>Die ADHS-Symptome werden in drei Hauptbereiche eingeteilt:<\/p>\n<p>[\/et_pb_text][et_pb_text _builder_version=&#8220;4.26.1&#8243; _module_preset=&#8220;default&#8220; global_colors_info=&#8220;{}&#8220;]<\/p>\n<ul>\n<li><span style=\"text-decoration: underline;\">Unaufmerksamkeit<\/span>:<br \/>\nSchwierigkeiten, sich zu konzentrieren und sich auf Aufgaben oder Aktivit\u00e4ten zu konzentrieren. Neigung zu Fl\u00fcchtigkeitsfehlern. H\u00e4ufige Vergesslichkeit bei t\u00e4glichen Aktivit\u00e4ten.<\/li>\n<li><span style=\"text-decoration: underline;\">Hyperaktivit\u00e4t:<\/span><br \/>\nSt\u00e4ndiges Herumzappeln, Unf\u00e4higkeit, lange sitzen zu bleiben. \u00dcberm\u00e4ssiges Reden. Schwierigkeiten, sich auf ruhige Aktivit\u00e4ten einzulassen.<\/li>\n<li><span style=\"text-decoration: underline;\">Impulsivit\u00e4t<\/span>:<br \/>\nHandeln, ohne \u00fcber die Konsequenzen nachzudenken. Schwierigkeit zu warten, bis man an der Reihe ist. H\u00e4ufiges Unterbrechen anderer.<\/li>\n<\/ul>\n<p>[\/et_pb_text][et_pb_text module_class=&#8220;turquoise-dark&#8220; _builder_version=&#8220;4.26.1&#8243; _module_preset=&#8220;default&#8220; global_colors_info=&#8220;{}&#8220;]<\/p>\n<h3>Ursachen und Risikofaktoren<\/h3>\n<p>[\/et_pb_text][et_pb_text _builder_version=&#8220;4.26.0&#8243; _module_preset=&#8220;default&#8220; global_colors_info=&#8220;{}&#8220;]<\/p>\n<p>Die genauen Ursachen von ADHS sind noch nicht vollst\u00e4ndig gekl\u00e4rt, aber mehrere Faktoren k\u00f6nnen zu ihrer Entstehung beitragen:<\/p>\n<p>[\/et_pb_text][et_pb_text _builder_version=&#8220;4.26.1&#8243; _module_preset=&#8220;default&#8220; global_colors_info=&#8220;{}&#8220;]<\/p>\n<ul>\n<li><span style=\"text-decoration: underline;\">Genetisch bedingt:<\/span><br \/>\nADHS tritt in der Regel in Familien auf.<\/li>\n<li><span style=\"text-decoration: underline;\">Neurologisch:<\/span><br \/>\nUnterschiede in der Gehirnstruktur und -funktion.<\/li>\n<li><span style=\"text-decoration: underline;\">Umwelteinfl\u00fcsse:<\/span><br \/>\nPr\u00e4natale Exposition gegen\u00fcber Alkohol, Tabak oder toxischen Substanzen.<\/li>\n<\/ul>\n<p>[\/et_pb_text][et_pb_text module_class=&#8220;turquoise-dark&#8220; _builder_version=&#8220;4.26.1&#8243; _module_preset=&#8220;default&#8220; global_colors_info=&#8220;{}&#8220;]<\/p>\n<h3>Die Folgen von ADHS<\/h3>\n<p>[\/et_pb_text][et_pb_text _builder_version=&#8220;4.26.0&#8243; _module_preset=&#8220;default&#8220; global_colors_info=&#8220;{}&#8220;]<\/p>\n<p>Das Leben mit ADHS kann verschiedene Aspekte des t\u00e4glichen Lebens erheblich beeintr\u00e4chtigen:<\/p>\n<p>[\/et_pb_text][et_pb_text _builder_version=&#8220;4.26.0&#8243; _module_preset=&#8220;default&#8220; global_colors_info=&#8220;{}&#8220;]<\/p>\n<ul>\n<li><span style=\"text-decoration: underline;\">Psychiatrisch und psychologisch:<\/span><br \/>Erh\u00f6htes Risiko f\u00fcr Stimmungsst\u00f6rungen wie Depressionen und Angstzust\u00e4nde. Geringes Selbstwertgef\u00fchl und chronische Frustration. Schwierigkeiten bei der Bew\u00e4ltigung von Stress und Emotionen.<\/li>\n<li><span style=\"text-decoration: underline;\">Soziales:<\/span><br \/>Herausforderungen in zwischenmenschlichen Beziehungen und Freundschaften. Kommunikationsprobleme und h\u00e4ufige Missverst\u00e4ndnisse. Soziale Isolation und Gef\u00fchle der Ablehnung.<\/li>\n<li><span style=\"text-decoration: underline;\">Akademisch und beruflich:<\/span><br \/>Leistungsprobleme in der Schule, wiederholte Misserfolge. Schwierigkeiten, einen festen Arbeitsplatz zu behalten, Fehlzeiten und geringe Produktivit\u00e4t. H\u00f6heres Risiko des Schul- und Berufsausstiegs.<\/li>\n<li><span style=\"text-decoration: underline;\">Wirtschaftlich:<\/span><br \/>Zus\u00e4tzliche Kosten f\u00fcr medizinische und psychologische Betreuung. Einkommensverluste aufgrund von Unterbrechungen der beruflichen Laufbahn oder der Unf\u00e4higkeit, einen Arbeitsplatz zu behalten.<br \/>Finanzielle Auswirkungen auf die Familien aufgrund des Bedarfs an Unterst\u00fctzung und besonderen Vorkehrungen.<\/li>\n<\/ul>\n<p>[\/et_pb_text][et_pb_text module_class=&#8220;turquoise-dark&#8220; _builder_version=&#8220;4.26.1&#8243; _module_preset=&#8220;default&#8220; global_colors_info=&#8220;{}&#8220;]<\/p>\n<h3>Leben mit ADHS<\/h3>\n<p>[\/et_pb_text][et_pb_text _builder_version=&#8220;4.26.0&#8243; _module_preset=&#8220;default&#8220; global_colors_info=&#8220;{}&#8220;]<\/p>\n<p>Mit angemessener Unterst\u00fctzung und Strategien k\u00f6nnen Menschen mit ADHS ein erf\u00fclltes und erfolgreiches Leben f\u00fchren. Eltern, Lehrer und medizinisches Fachpersonal spielen eine entscheidende Rolle bei der Anleitung und Unterst\u00fctzung von Kindern und Erwachsenen mit ADHS.<\/p>\n<p>[\/et_pb_text][\/et_pb_column][\/et_pb_row][\/et_pb_section]<\/p>\n","protected":false},"excerpt":{"rendered":"<p>Jetzt Mitglied werdenzur FachpersonensucheADHSWas ist ADHS?Die Aufmerksamkeitsdefizit-\/Hyperaktivit\u00e4tsst\u00f6rung (ADHS) ist eine Entwicklungsst\u00f6rung, die typischerweise in der Kindheit auftritt und bis ins Erwachsenenalter andauert.HauptsymptomeDie ADHS-Symptome werden in drei Hauptbereiche eingeteilt: Unaufmerksamkeit: Schwierigkeiten, sich zu konzentrieren und sich auf Aufgaben oder Aktivit\u00e4ten zu konzentrieren. Neigung zu Fl\u00fcchtigkeitsfehlern. H\u00e4ufige Vergesslichkeit bei t\u00e4glichen Aktivit\u00e4ten. Hyperaktivit\u00e4t: St\u00e4ndiges Herumzappeln, Unf\u00e4higkeit, lange sitzen [&hellip;]<\/p>\n","protected":false},"author":1,"featured_media":0,"parent":1385,"menu_order":0,"comment_status":"closed","ping_status":"closed","template":"","meta":{"_et_pb_use_builder":"on","_et_pb_old_content":"","_et_gb_content_width":"","footnotes":"","_links_to":"","_links_to_target":""},"class_list":["post-1360","page","type-page","status-publish","hentry"],"_links":{"self":[{"href":"https:\/\/get-your-app.com\/community-nonprofit\/wp-json\/wp\/v2\/pages\/1360","targetHints":{"allow":["GET"]}}],"collection":[{"href":"https:\/\/get-your-app.com\/community-nonprofit\/wp-json\/wp\/v2\/pages"}],"about":[{"href":"https:\/\/get-your-app.com\/community-nonprofit\/wp-json\/wp\/v2\/types\/page"}],"author":[{"embeddable":true,"href":"https:\/\/get-your-app.com\/community-nonprofit\/wp-json\/wp\/v2\/users\/1"}],"replies":[{"embeddable":true,"href":"https:\/\/get-your-app.com\/community-nonprofit\/wp-json\/wp\/v2\/comments?post=1360"}],"version-history":[{"count":48,"href":"https:\/\/get-your-app.com\/community-nonprofit\/wp-json\/wp\/v2\/pages\/1360\/revisions"}],"predecessor-version":[{"id":3039,"href":"https:\/\/get-your-app.com\/community-nonprofit\/wp-json\/wp\/v2\/pages\/1360\/revisions\/3039"}],"up":[{"embeddable":true,"href":"https:\/\/get-your-app.com\/community-nonprofit\/wp-json\/wp\/v2\/pages\/1385"}],"wp:attachment":[{"href":"https:\/\/get-your-app.com\/community-nonprofit\/wp-json\/wp\/v2\/media?parent=1360"}],"curies":[{"name":"wp","href":"https:\/\/api.w.org\/{rel}","templated":true}]}}